{"id":4103,"date":"2025-01-23T13:19:52","date_gmt":"2025-01-23T11:19:52","guid":{"rendered":"http:\/\/nancy-tunon.com\/el-profesorado\/alexandra-agullo\/"},"modified":"2025-01-23T13:37:59","modified_gmt":"2025-01-23T11:37:59","slug":"alexandra-agullo","status":"publish","type":"page","link":"https:\/\/nancy-tunon.com\/es\/el-profesorado\/alexandra-agullo\/","title":{"rendered":"Alexandra Agull\u00f3"},"content":{"rendered":"\t\t<div data-elementor-type=\"wp-page\" data-elementor-id=\"4103\" class=\"elementor elementor-4103 elementor-4094\" data-elementor-post-type=\"page\">\n\t\t\t\t<div class=\"elementor-element elementor-element-44b79bdc e-con-full e-flex e-con e-parent\" data-id=\"44b79bdc\" data-element_type=\"container\" data-e-type=\"container\">\n\t\t\t\t<div class=\"elementor-element elementor-element-7b8a02c1 elementor-widget elementor-widget-template\" data-id=\"7b8a02c1\" data-element_type=\"widget\" data-e-type=\"widget\" data-widget_type=\"template.default\">\n\t\t\t\t<div class=\"elementor-widget-container\">\n\t\t\t\t\t\t\t<div class=\"elementor-template\">\n\t\t\t\t\t<div data-elementor-type=\"container\" data-elementor-id=\"2630\" class=\"elementor elementor-2630 elementor-2628 elementor-2628\" data-elementor-post-type=\"elementor_library\">\n\t\t\t\t<div class=\"elementor-element elementor-element-10263ea4 e-flex e-con-boxed e-con e-parent\" data-id=\"10263ea4\" data-element_type=\"container\" data-e-type=\"container\" data-settings=\"{&quot;background_background&quot;:&quot;classic&quot;}\">\n\t\t\t\t\t<div class=\"e-con-inner\">\n\t\t\t\t<div class=\"elementor-element elementor-element-5e24f1f1 elementor-widget__width-inherit elementor-widget elementor-widget-heading\" data-id=\"5e24f1f1\" data-element_type=\"widget\" data-e-type=\"widget\" data-widget_type=\"heading.default\">\n\t\t\t\t<div class=\"elementor-widget-container\">\n\t\t\t\t\t<h2 class=\"elementor-heading-title elementor-size-default\">El profesorado<\/h2>\t\t\t\t<\/div>\n\t\t\t\t<\/div>\n\t\t\t\t<div class=\"elementor-element elementor-element-a307cb2 profesor-individual-titulo elementor-widget elementor-widget-heading\" data-id=\"a307cb2\" data-element_type=\"widget\" data-e-type=\"widget\" data-widget_type=\"heading.default\">\n\t\t\t\t<div class=\"elementor-widget-container\">\n\t\t\t\t\t<h1 class=\"elementor-heading-title elementor-size-default\">Alexandra Agull\u00f3<\/h1>\t\t\t\t<\/div>\n\t\t\t\t<\/div>\n\t\t\t\t\t<\/div>\n\t\t\t\t<\/div>\n\t\t\t\t<\/div>\n\t\t\t\t<\/div>\n\t\t\t\t\t\t<\/div>\n\t\t\t\t<\/div>\n\t\t\t\t<\/div>\n\t\t<div class=\"elementor-element elementor-element-188aa218 e-flex e-con-boxed e-con e-parent\" data-id=\"188aa218\" data-element_type=\"container\" data-e-type=\"container\">\n\t\t\t\t\t<div class=\"e-con-inner\">\n\t\t\t\t<div class=\"elementor-element elementor-element-21dbeefd elementor-widget__width-initial elementor-widget-mobile__width-inherit elementor-widget elementor-widget-image\" data-id=\"21dbeefd\" data-element_type=\"widget\" data-e-type=\"widget\" data-widget_type=\"image.default\">\n\t\t\t\t<div class=\"elementor-widget-container\">\n\t\t\t\t\t\t\t\t\t\t\t\t\t\t\t<img fetchpriority=\"high\" decoding=\"async\" width=\"678\" height=\"848\" src=\"https:\/\/nancy-tunon.com\/wp-content\/uploads\/2025\/01\/a3e2db69-a80d-444e-9716-e8b6f6131af6.png\" class=\"attachment-large size-large wp-image-4090\" alt=\"\" srcset=\"https:\/\/nancy-tunon.com\/wp-content\/uploads\/2025\/01\/a3e2db69-a80d-444e-9716-e8b6f6131af6.png 678w, https:\/\/nancy-tunon.com\/wp-content\/uploads\/2025\/01\/a3e2db69-a80d-444e-9716-e8b6f6131af6-240x300.png 240w\" sizes=\"(max-width: 678px) 100vw, 678px\" \/>\t\t\t\t\t\t\t\t\t\t\t\t\t\t\t<\/div>\n\t\t\t\t<\/div>\n\t\t\t\t<div class=\"elementor-element elementor-element-5b383d9c elementor-widget__width-initial elementor-widget-mobile__width-inherit elementor-widget elementor-widget-text-editor\" data-id=\"5b383d9c\" data-element_type=\"widget\" data-e-type=\"widget\" data-widget_type=\"text-editor.default\">\n\t\t\t\t<div class=\"elementor-widget-container\">\n\t\t\t\t\t\t\t\t\t<p class=\"p1\"><span class=\"s1\">Graduada en <b>Cine<\/b> y Comunicaci\u00f3n Audiovisual en la ESCAC y en <b>interpretaci\u00f3n<\/b> en el Estudi Nancy Tu\u00f1\u00f3n- Jordi Oliver, complementa su formaci\u00f3n con programas de entrenamiento profesional con Carmen Rico, Consuelo Trujillo, Fernando Piernas, Esteve Rovira o Manuel Lombardero entre otros. Se forma tambi\u00e9n en <b>danza<\/b>, cursa el CEC (Certificado de Estudios Corporales) en la Universidad Sorbonne Nouvelle de Par\u00eds y <b>Osteopat\u00eda<\/b> <b>Craneosacral<\/b> en el Instituto Espa\u00f1ol de Biodin\u00e1mica Craneosacral. <\/span><\/p>\n<p class=\"p1\"><span class=\"s1\"> En Par\u00eds, crea el colectivo Anima, con el que gana el premio de j\u00f3venes creadores contempor\u00e1neos del Th\u00e9\u00e2tre de l\u2019Atelier Bleu con la obra <i>Fallen: n\u00e9e de la Terre<\/i> y con la que tambi\u00e9n crea <i>Anima<\/i>, una <b>pieza laboratorio<\/b> que se muestra en varios festivales de Francia y Alemania.<\/span><\/p>\n<p class=\"p1\"><span class=\"s1\"> ..En <b>teatro<\/b>, forma parte de la compa\u00f1\u00eda fija del Teatro de l\u2019Ep\u00e9e de Bois, en la Cartoucherie de Par\u00eds, interpretando obras de Lorca y Moli\u00e8re como actriz, y como responsable art\u00edstica del equipo franco-espa\u00f1ol. Tambi\u00e9n act\u00faa y baila en el Th\u00e9\u00e2tre de la Bastille con <i>Pas d\u2019\u00e9quidistance\u2026 Y a-t-il un rapport avec les chevaux?<\/i>, y en el Th\u00e9\u00e2tre du Nord-Ouest con <i>La Guerre de Troie n\u2019aura pas lieu<\/i>, de Giradoux, entre otros. <\/span><\/p>\n<p class=\"p1\"><span class=\"s1\"> En <b>televisi\u00f3n<\/b>, colabora en proyectos como <i>El minuto heroico<\/i> (Laura Sister\u00f3, HBO), <i>Asfalt: Les amigues <\/i>(Irene Moray, Tv3), <i>Los herederos de la Tierra<\/i> (Jordi Frades, Netflix), <i>Psicopatolog\u00eda digital amb el Doctor Soler<\/i> (Tv3), <i>Pop R\u00e0pid<\/i> (Marc Crehuet, Tv3)\u2026Y en el equipo de casting de <i>La Academia<\/i>, Amazon Prime<\/span><\/p>\n<p class=\"p1\"><span class=\"s1\"> Sus m\u00faltiples intereses la llevan a interesarse por el cruce de disciplinas. Actualmente est\u00e1 en proceso de creaci\u00f3n y desarrollo de diferentes proyectos. <\/span><\/p>\n\t\t\t\t\t\t\t\t<\/div>\n\t\t\t\t<\/div>\n\t\t\t\t\t<\/div>\n\t\t\t\t<\/div>\n\t\t<div class=\"elementor-element elementor-element-141e25bc e-flex e-con-boxed e-con e-parent\" data-id=\"141e25bc\" data-element_type=\"container\" data-e-type=\"container\">\n\t\t\t\t\t<div class=\"e-con-inner\">\n\t\t\t\t<div class=\"elementor-element elementor-element-7b2376fe elementor-widget elementor-widget-template\" data-id=\"7b2376fe\" data-element_type=\"widget\" data-e-type=\"widget\" data-widget_type=\"template.default\">\n\t\t\t\t<div class=\"elementor-widget-container\">\n\t\t\t\t\t\t\t<div class=\"elementor-template\">\n\t\t\t\t\t<div data-elementor-type=\"container\" data-elementor-id=\"2634\" class=\"elementor elementor-2634 elementor-2632 elementor-2632\" data-elementor-post-type=\"elementor_library\">\n\t\t\t\t<div class=\"elementor-element elementor-element-321707bb e-flex e-con-boxed e-con e-parent\" data-id=\"321707bb\" data-element_type=\"container\" data-e-type=\"container\">\n\t\t\t\t\t<div class=\"e-con-inner\">\n\t\t\t\t<div class=\"elementor-element elementor-element-583132d2 elementor-align-center elementor-widget elementor-widget-button\" data-id=\"583132d2\" data-element_type=\"widget\" data-e-type=\"widget\" data-widget_type=\"button.default\">\n\t\t\t\t<div class=\"elementor-widget-container\">\n\t\t\t\t\t\t\t\t\t<div class=\"elementor-button-wrapper\">\n\t\t\t\t\t<a class=\"elementor-button elementor-button-link elementor-size-sm\" href=\"https:\/\/nancy-tunon.com\/es\/el-profesorado\/\">\n\t\t\t\t\t\t<span class=\"elementor-button-content-wrapper\">\n\t\t\t\t\t\t\t\t\t<span class=\"elementor-button-text\">Volver a profesorado<\/span>\n\t\t\t\t\t<\/span>\n\t\t\t\t\t<\/a>\n\t\t\t\t<\/div>\n\t\t\t\t\t\t\t\t<\/div>\n\t\t\t\t<\/div>\n\t\t\t\t\t<\/div>\n\t\t\t\t<\/div>\n\t\t\t\t<\/div>\n\t\t\t\t<\/div>\n\t\t\t\t\t\t<\/div>\n\t\t\t\t<\/div>\n\t\t\t\t\t<\/div>\n\t\t\t\t<\/div>\n\t\t\t\t<\/div>\n\t\t","protected":false},"excerpt":{"rendered":"<p>Graduada en Cine y Comunicaci\u00f3n Audiovisual en la ESCAC y en interpretaci\u00f3n en el Estudi Nancy Tu\u00f1\u00f3n- Jordi Oliver, complementa su formaci\u00f3n con programas de entrenamiento profesional con Carmen Rico, Consuelo Trujillo, Fernando Piernas, Esteve Rovira o Manuel Lombardero entre otros. Se forma tambi\u00e9n en danza, cursa el CEC (Certificado de Estudios Corporales) en la [&hellip;]<\/p>\n","protected":false},"author":3,"featured_media":0,"parent":2094,"menu_order":0,"comment_status":"closed","ping_status":"closed","template":"","meta":{"_acf_changed":false,"inline_featured_image":false,"footnotes":""},"class_list":["post-4103","page","type-page","status-publish","hentry"],"acf":[],"yoast_head":"<!-- This site is optimized with the Yoast SEO plugin v27.3 - https:\/\/yoast.com\/product\/yoast-seo-wordpress\/ -->\n<title>Alexandra Agull\u00f3 - Nancy Tu\u00f1\u00f3n<\/title>\n<meta name=\"robots\" content=\"index, follow, max-snippet:-1, max-image-preview:large, max-video-preview:-1\" \/>\n<link rel=\"canonical\" href=\"https:\/\/nancy-tunon.com\/es\/el-profesorado\/alexandra-agullo\/\" \/>\n<meta property=\"og:locale\" content=\"es_ES\" \/>\n<meta property=\"og:type\" content=\"article\" \/>\n<meta property=\"og:title\" content=\"Alexandra Agull\u00f3 - Nancy Tu\u00f1\u00f3n\" \/>\n<meta property=\"og:description\" content=\"Graduada en Cine y Comunicaci\u00f3n Audiovisual en la ESCAC y en interpretaci\u00f3n en el Estudi Nancy Tu\u00f1\u00f3n- Jordi Oliver, complementa su formaci\u00f3n con programas de entrenamiento profesional con Carmen Rico, Consuelo Trujillo, Fernando Piernas, Esteve Rovira o Manuel Lombardero entre otros. Se forma tambi\u00e9n en danza, cursa el CEC (Certificado de Estudios Corporales) en la [&hellip;]\" \/>\n<meta property=\"og:url\" content=\"https:\/\/nancy-tunon.com\/es\/el-profesorado\/alexandra-agullo\/\" \/>\n<meta property=\"og:site_name\" content=\"Nancy Tu\u00f1\u00f3n\" \/>\n<meta property=\"article:publisher\" content=\"https:\/\/www.facebook.com\/nancytunon\" \/>\n<meta property=\"article:modified_time\" content=\"2025-01-23T11:37:59+00:00\" \/>\n<meta property=\"og:image\" content=\"http:\/\/nancy-tunon.com\/wp-content\/uploads\/2025\/01\/a3e2db69-a80d-444e-9716-e8b6f6131af6.png\" \/>\n<meta name=\"twitter:card\" content=\"summary_large_image\" \/>\n<meta name=\"twitter:label1\" content=\"Tiempo de lectura\" \/>\n\t<meta name=\"twitter:data1\" content=\"1 minuto\" \/>\n<script type=\"application\/ld+json\" class=\"yoast-schema-graph\">{\"@context\":\"https:\\\/\\\/schema.org\",\"@graph\":[{\"@type\":\"WebPage\",\"@id\":\"https:\\\/\\\/nancy-tunon.com\\\/es\\\/el-profesorado\\\/alexandra-agullo\\\/\",\"url\":\"https:\\\/\\\/nancy-tunon.com\\\/es\\\/el-profesorado\\\/alexandra-agullo\\\/\",\"name\":\"Alexandra Agull\u00f3 - Nancy Tu\u00f1\u00f3n\",\"isPartOf\":{\"@id\":\"https:\\\/\\\/nancy-tunon.com\\\/es\\\/#website\"},\"primaryImageOfPage\":{\"@id\":\"https:\\\/\\\/nancy-tunon.com\\\/es\\\/el-profesorado\\\/alexandra-agullo\\\/#primaryimage\"},\"image\":{\"@id\":\"https:\\\/\\\/nancy-tunon.com\\\/es\\\/el-profesorado\\\/alexandra-agullo\\\/#primaryimage\"},\"thumbnailUrl\":\"http:\\\/\\\/nancy-tunon.com\\\/wp-content\\\/uploads\\\/2025\\\/01\\\/a3e2db69-a80d-444e-9716-e8b6f6131af6.png\",\"datePublished\":\"2025-01-23T11:19:52+00:00\",\"dateModified\":\"2025-01-23T11:37:59+00:00\",\"breadcrumb\":{\"@id\":\"https:\\\/\\\/nancy-tunon.com\\\/es\\\/el-profesorado\\\/alexandra-agullo\\\/#breadcrumb\"},\"inLanguage\":\"es\",\"potentialAction\":[{\"@type\":\"ReadAction\",\"target\":[\"https:\\\/\\\/nancy-tunon.com\\\/es\\\/el-profesorado\\\/alexandra-agullo\\\/\"]}]},{\"@type\":\"ImageObject\",\"inLanguage\":\"es\",\"@id\":\"https:\\\/\\\/nancy-tunon.com\\\/es\\\/el-profesorado\\\/alexandra-agullo\\\/#primaryimage\",\"url\":\"http:\\\/\\\/nancy-tunon.com\\\/wp-content\\\/uploads\\\/2025\\\/01\\\/a3e2db69-a80d-444e-9716-e8b6f6131af6.png\",\"contentUrl\":\"http:\\\/\\\/nancy-tunon.com\\\/wp-content\\\/uploads\\\/2025\\\/01\\\/a3e2db69-a80d-444e-9716-e8b6f6131af6.png\"},{\"@type\":\"BreadcrumbList\",\"@id\":\"https:\\\/\\\/nancy-tunon.com\\\/es\\\/el-profesorado\\\/alexandra-agullo\\\/#breadcrumb\",\"itemListElement\":[{\"@type\":\"ListItem\",\"position\":1,\"name\":\"Portada\",\"item\":\"https:\\\/\\\/nancy-tunon.com\\\/es\\\/nancy-tunon-escuela-de-teatro-en-barcelona\\\/\"},{\"@type\":\"ListItem\",\"position\":2,\"name\":\"El profesorado\",\"item\":\"https:\\\/\\\/nancy-tunon.com\\\/es\\\/el-professorat\\\/\"},{\"@type\":\"ListItem\",\"position\":3,\"name\":\"Alexandra Agull\u00f3\"}]},{\"@type\":\"WebSite\",\"@id\":\"https:\\\/\\\/nancy-tunon.com\\\/es\\\/#website\",\"url\":\"https:\\\/\\\/nancy-tunon.com\\\/es\\\/\",\"name\":\"Nancy Tu\u00f1\u00f3n\",\"description\":\"Escuela de actores en Barcelona\",\"publisher\":{\"@id\":\"https:\\\/\\\/nancy-tunon.com\\\/es\\\/#organization\"},\"alternateName\":\"Nancy Tunon\",\"potentialAction\":[{\"@type\":\"SearchAction\",\"target\":{\"@type\":\"EntryPoint\",\"urlTemplate\":\"https:\\\/\\\/nancy-tunon.com\\\/es\\\/?s={search_term_string}\"},\"query-input\":{\"@type\":\"PropertyValueSpecification\",\"valueRequired\":true,\"valueName\":\"search_term_string\"}}],\"inLanguage\":\"es\"},{\"@type\":\"Organization\",\"@id\":\"https:\\\/\\\/nancy-tunon.com\\\/es\\\/#organization\",\"name\":\"Nancy Tu\u00f1\u00f3n\",\"url\":\"https:\\\/\\\/nancy-tunon.com\\\/es\\\/\",\"logo\":{\"@type\":\"ImageObject\",\"inLanguage\":\"es\",\"@id\":\"https:\\\/\\\/nancy-tunon.com\\\/es\\\/#\\\/schema\\\/logo\\\/image\\\/\",\"url\":\"http:\\\/\\\/nancy-tunon.com\\\/wp-content\\\/uploads\\\/2024\\\/01\\\/nancy-t-footer-svg.svg\",\"contentUrl\":\"http:\\\/\\\/nancy-tunon.com\\\/wp-content\\\/uploads\\\/2024\\\/01\\\/nancy-t-footer-svg.svg\",\"width\":906,\"height\":431,\"caption\":\"Nancy Tu\u00f1\u00f3n\"},\"image\":{\"@id\":\"https:\\\/\\\/nancy-tunon.com\\\/es\\\/#\\\/schema\\\/logo\\\/image\\\/\"},\"sameAs\":[\"https:\\\/\\\/www.facebook.com\\\/nancytunon\",\"https:\\\/\\\/www.tiktok.com\\\/@escolanancytunon\"]}]}<\/script>\n<!-- \/ Yoast SEO plugin. -->","yoast_head_json":{"title":"Alexandra Agull\u00f3 - Nancy Tu\u00f1\u00f3n","robots":{"index":"index","follow":"follow","max-snippet":"max-snippet:-1","max-image-preview":"max-image-preview:large","max-video-preview":"max-video-preview:-1"},"canonical":"https:\/\/nancy-tunon.com\/es\/el-profesorado\/alexandra-agullo\/","og_locale":"es_ES","og_type":"article","og_title":"Alexandra Agull\u00f3 - Nancy Tu\u00f1\u00f3n","og_description":"Graduada en Cine y Comunicaci\u00f3n Audiovisual en la ESCAC y en interpretaci\u00f3n en el Estudi Nancy Tu\u00f1\u00f3n- Jordi Oliver, complementa su formaci\u00f3n con programas de entrenamiento profesional con Carmen Rico, Consuelo Trujillo, Fernando Piernas, Esteve Rovira o Manuel Lombardero entre otros. Se forma tambi\u00e9n en danza, cursa el CEC (Certificado de Estudios Corporales) en la [&hellip;]","og_url":"https:\/\/nancy-tunon.com\/es\/el-profesorado\/alexandra-agullo\/","og_site_name":"Nancy Tu\u00f1\u00f3n","article_publisher":"https:\/\/www.facebook.com\/nancytunon","article_modified_time":"2025-01-23T11:37:59+00:00","og_image":[{"url":"http:\/\/nancy-tunon.com\/wp-content\/uploads\/2025\/01\/a3e2db69-a80d-444e-9716-e8b6f6131af6.png","type":"","width":"","height":""}],"twitter_card":"summary_large_image","twitter_misc":{"Tiempo de lectura":"1 minuto"},"schema":{"@context":"https:\/\/schema.org","@graph":[{"@type":"WebPage","@id":"https:\/\/nancy-tunon.com\/es\/el-profesorado\/alexandra-agullo\/","url":"https:\/\/nancy-tunon.com\/es\/el-profesorado\/alexandra-agullo\/","name":"Alexandra Agull\u00f3 - Nancy Tu\u00f1\u00f3n","isPartOf":{"@id":"https:\/\/nancy-tunon.com\/es\/#website"},"primaryImageOfPage":{"@id":"https:\/\/nancy-tunon.com\/es\/el-profesorado\/alexandra-agullo\/#primaryimage"},"image":{"@id":"https:\/\/nancy-tunon.com\/es\/el-profesorado\/alexandra-agullo\/#primaryimage"},"thumbnailUrl":"http:\/\/nancy-tunon.com\/wp-content\/uploads\/2025\/01\/a3e2db69-a80d-444e-9716-e8b6f6131af6.png","datePublished":"2025-01-23T11:19:52+00:00","dateModified":"2025-01-23T11:37:59+00:00","breadcrumb":{"@id":"https:\/\/nancy-tunon.com\/es\/el-profesorado\/alexandra-agullo\/#breadcrumb"},"inLanguage":"es","potentialAction":[{"@type":"ReadAction","target":["https:\/\/nancy-tunon.com\/es\/el-profesorado\/alexandra-agullo\/"]}]},{"@type":"ImageObject","inLanguage":"es","@id":"https:\/\/nancy-tunon.com\/es\/el-profesorado\/alexandra-agullo\/#primaryimage","url":"http:\/\/nancy-tunon.com\/wp-content\/uploads\/2025\/01\/a3e2db69-a80d-444e-9716-e8b6f6131af6.png","contentUrl":"http:\/\/nancy-tunon.com\/wp-content\/uploads\/2025\/01\/a3e2db69-a80d-444e-9716-e8b6f6131af6.png"},{"@type":"BreadcrumbList","@id":"https:\/\/nancy-tunon.com\/es\/el-profesorado\/alexandra-agullo\/#breadcrumb","itemListElement":[{"@type":"ListItem","position":1,"name":"Portada","item":"https:\/\/nancy-tunon.com\/es\/nancy-tunon-escuela-de-teatro-en-barcelona\/"},{"@type":"ListItem","position":2,"name":"El profesorado","item":"https:\/\/nancy-tunon.com\/es\/el-professorat\/"},{"@type":"ListItem","position":3,"name":"Alexandra Agull\u00f3"}]},{"@type":"WebSite","@id":"https:\/\/nancy-tunon.com\/es\/#website","url":"https:\/\/nancy-tunon.com\/es\/","name":"Nancy Tu\u00f1\u00f3n","description":"Escuela de actores en Barcelona","publisher":{"@id":"https:\/\/nancy-tunon.com\/es\/#organization"},"alternateName":"Nancy Tunon","potentialAction":[{"@type":"SearchAction","target":{"@type":"EntryPoint","urlTemplate":"https:\/\/nancy-tunon.com\/es\/?s={search_term_string}"},"query-input":{"@type":"PropertyValueSpecification","valueRequired":true,"valueName":"search_term_string"}}],"inLanguage":"es"},{"@type":"Organization","@id":"https:\/\/nancy-tunon.com\/es\/#organization","name":"Nancy Tu\u00f1\u00f3n","url":"https:\/\/nancy-tunon.com\/es\/","logo":{"@type":"ImageObject","inLanguage":"es","@id":"https:\/\/nancy-tunon.com\/es\/#\/schema\/logo\/image\/","url":"http:\/\/nancy-tunon.com\/wp-content\/uploads\/2024\/01\/nancy-t-footer-svg.svg","contentUrl":"http:\/\/nancy-tunon.com\/wp-content\/uploads\/2024\/01\/nancy-t-footer-svg.svg","width":906,"height":431,"caption":"Nancy Tu\u00f1\u00f3n"},"image":{"@id":"https:\/\/nancy-tunon.com\/es\/#\/schema\/logo\/image\/"},"sameAs":["https:\/\/www.facebook.com\/nancytunon","https:\/\/www.tiktok.com\/@escolanancytunon"]}]}},"_links":{"self":[{"href":"https:\/\/nancy-tunon.com\/es\/wp-json\/wp\/v2\/pages\/4103","targetHints":{"allow":["GET"]}}],"collection":[{"href":"https:\/\/nancy-tunon.com\/es\/wp-json\/wp\/v2\/pages"}],"about":[{"href":"https:\/\/nancy-tunon.com\/es\/wp-json\/wp\/v2\/types\/page"}],"author":[{"embeddable":true,"href":"https:\/\/nancy-tunon.com\/es\/wp-json\/wp\/v2\/users\/3"}],"replies":[{"embeddable":true,"href":"https:\/\/nancy-tunon.com\/es\/wp-json\/wp\/v2\/comments?post=4103"}],"version-history":[{"count":0,"href":"https:\/\/nancy-tunon.com\/es\/wp-json\/wp\/v2\/pages\/4103\/revisions"}],"up":[{"embeddable":true,"href":"https:\/\/nancy-tunon.com\/es\/wp-json\/wp\/v2\/pages\/2094"}],"wp:attachment":[{"href":"https:\/\/nancy-tunon.com\/es\/wp-json\/wp\/v2\/media?parent=4103"}],"curies":[{"name":"wp","href":"https:\/\/api.w.org\/{rel}","templated":true}]}}