{"id":2885,"date":"2024-04-23T01:28:45","date_gmt":"2024-04-22T23:28:45","guid":{"rendered":"http:\/\/nancy-tunon.com\/el-profesorado\/anna-casals-lloria\/"},"modified":"2024-04-23T01:29:56","modified_gmt":"2024-04-22T23:29:56","slug":"anna-casals-lloria","status":"publish","type":"page","link":"https:\/\/nancy-tunon.com\/es\/el-profesorado\/anna-casals-lloria\/","title":{"rendered":"Anna Casals Lloria"},"content":{"rendered":"\t\t<div data-elementor-type=\"wp-page\" data-elementor-id=\"2885\" class=\"elementor elementor-2885 elementor-2879\" data-elementor-post-type=\"page\">\n\t\t\t\t<div class=\"elementor-element elementor-element-277b0ed9 e-con-full e-flex e-con e-parent\" data-id=\"277b0ed9\" data-element_type=\"container\" data-e-type=\"container\">\n\t\t\t\t<div class=\"elementor-element elementor-element-10f38c2a elementor-widget elementor-widget-template\" data-id=\"10f38c2a\" data-element_type=\"widget\" data-e-type=\"widget\" data-widget_type=\"template.default\">\n\t\t\t\t<div class=\"elementor-widget-container\">\n\t\t\t\t\t\t\t<div class=\"elementor-template\">\n\t\t\t\t\t<div data-elementor-type=\"container\" data-elementor-id=\"2630\" class=\"elementor elementor-2630 elementor-2628 elementor-2628\" data-elementor-post-type=\"elementor_library\">\n\t\t\t\t<div class=\"elementor-element elementor-element-10263ea4 e-flex e-con-boxed e-con e-parent\" data-id=\"10263ea4\" data-element_type=\"container\" data-e-type=\"container\" data-settings=\"{&quot;background_background&quot;:&quot;classic&quot;}\">\n\t\t\t\t\t<div class=\"e-con-inner\">\n\t\t\t\t<div class=\"elementor-element elementor-element-5e24f1f1 elementor-widget__width-inherit elementor-widget elementor-widget-heading\" data-id=\"5e24f1f1\" data-element_type=\"widget\" data-e-type=\"widget\" data-widget_type=\"heading.default\">\n\t\t\t\t<div class=\"elementor-widget-container\">\n\t\t\t\t\t<h2 class=\"elementor-heading-title elementor-size-default\">El profesorado<\/h2>\t\t\t\t<\/div>\n\t\t\t\t<\/div>\n\t\t\t\t<div class=\"elementor-element elementor-element-a307cb2 profesor-individual-titulo elementor-widget elementor-widget-heading\" data-id=\"a307cb2\" data-element_type=\"widget\" data-e-type=\"widget\" data-widget_type=\"heading.default\">\n\t\t\t\t<div class=\"elementor-widget-container\">\n\t\t\t\t\t<h1 class=\"elementor-heading-title elementor-size-default\">Anna Casals Lloria<\/h1>\t\t\t\t<\/div>\n\t\t\t\t<\/div>\n\t\t\t\t\t<\/div>\n\t\t\t\t<\/div>\n\t\t\t\t<\/div>\n\t\t\t\t<\/div>\n\t\t\t\t\t\t<\/div>\n\t\t\t\t<\/div>\n\t\t\t\t<\/div>\n\t\t<div class=\"elementor-element elementor-element-2a1c6a86 e-flex e-con-boxed e-con e-parent\" data-id=\"2a1c6a86\" data-element_type=\"container\" data-e-type=\"container\">\n\t\t\t\t\t<div class=\"e-con-inner\">\n\t\t\t\t<div class=\"elementor-element elementor-element-572cfd1c elementor-widget__width-initial elementor-widget-mobile__width-inherit elementor-widget elementor-widget-image\" data-id=\"572cfd1c\" data-element_type=\"widget\" data-e-type=\"widget\" data-widget_type=\"image.default\">\n\t\t\t\t<div class=\"elementor-widget-container\">\n\t\t\t\t\t\t\t\t\t\t\t\t\t\t\t<img fetchpriority=\"high\" decoding=\"async\" width=\"258\" height=\"500\" src=\"https:\/\/nancy-tunon.com\/wp-content\/uploads\/2024\/04\/ANNA-CASAS.jpg\" class=\"attachment-large size-large wp-image-2255\" alt=\"\" srcset=\"https:\/\/nancy-tunon.com\/wp-content\/uploads\/2024\/04\/ANNA-CASAS.jpg 258w, https:\/\/nancy-tunon.com\/wp-content\/uploads\/2024\/04\/ANNA-CASAS-155x300.jpg 155w\" sizes=\"(max-width: 258px) 100vw, 258px\" \/>\t\t\t\t\t\t\t\t\t\t\t\t\t\t\t<\/div>\n\t\t\t\t<\/div>\n\t\t\t\t<div class=\"elementor-element elementor-element-162b896f elementor-widget__width-initial elementor-widget-mobile__width-inherit elementor-widget elementor-widget-text-editor\" data-id=\"162b896f\" data-element_type=\"widget\" data-e-type=\"widget\" data-widget_type=\"text-editor.default\">\n\t\t\t\t<div class=\"elementor-widget-container\">\n\t\t\t\t\t\t\t\t\t<p class=\"p1\"><span class=\"s1\">Actriz y narradora.<\/span><\/p>\n<p class=\"p1\"><span class=\"s1\">Curs\u00f3 el Plan de Formaci\u00f3n en el Estudio de Teatro Nancy Tu\u00f1\u00f3n &#8211; Jordi Oliver<\/span><span class=\"s2\"><b>  (1994-1998)<\/b><\/span><span class=\"s1\"><b>,<\/b> ampliando su formaci\u00f3n con cursos espec\u00edficos como  <\/span><i>El actor ante la c\u00e1mara<\/i>  con Esteve Rovira y Daniel Ventura,  <i>Casting<\/i>  con Pep Armengol y  <i>Danza Contempor\u00e1nea y Release<\/i>  con Montse Prats, Escuela V\u00edctor Hernando, Tragantdansa y Som-hi Danza.<\/p>\n<p class=\"p1\">En Teatro ha trabajado en montajes como <i>Espej\u00edssimos<\/i> , de Pep Mogas, <i>El invierno en el cuerpo<\/i> de La Virgueria o <i>Escenarios de calle<\/i> , de Comediants.<\/p>\n<p class=\"p1\">Ha participado en proyectos audiovisuales junto a Juan Mart\u00ednez, Rafa Redondo, Ivan Busquets, Sandra Picher, Aimon Ninyerola y Giancarlo Cammarota.  <\/p>\n<p class=\"p1\">Ha centrado su carrera profesional en el Teatro Familiar y la Narraci\u00f3n Oral, trabajando como actriz y manipuladora de t\u00edteres en espect\u00e1culos de peque\u00f1o y gran formato, de creaci\u00f3n propia o con compa\u00f1\u00edas como Renaixen\u00e7a y Per Poc.  <\/p>\n<p class=\"p1\">Lleva m\u00e1s de 15 a\u00f1os dedicado a la narraci\u00f3n oral.<\/p>\n<p class=\"p3\">@puck.cuentos<\/p>\n\t\t\t\t\t\t\t\t<\/div>\n\t\t\t\t<\/div>\n\t\t\t\t\t<\/div>\n\t\t\t\t<\/div>\n\t\t<div class=\"elementor-element elementor-element-1ea09e28 e-flex e-con-boxed e-con e-parent\" data-id=\"1ea09e28\" data-element_type=\"container\" data-e-type=\"container\">\n\t\t\t\t\t<div class=\"e-con-inner\">\n\t\t\t\t<div class=\"elementor-element elementor-element-7973080 elementor-widget elementor-widget-template\" data-id=\"7973080\" data-element_type=\"widget\" data-e-type=\"widget\" data-widget_type=\"template.default\">\n\t\t\t\t<div class=\"elementor-widget-container\">\n\t\t\t\t\t\t\t<div class=\"elementor-template\">\n\t\t\t\t\t<div data-elementor-type=\"container\" data-elementor-id=\"2634\" class=\"elementor elementor-2634 elementor-2632 elementor-2632\" data-elementor-post-type=\"elementor_library\">\n\t\t\t\t<div class=\"elementor-element elementor-element-321707bb e-flex e-con-boxed e-con e-parent\" data-id=\"321707bb\" data-element_type=\"container\" data-e-type=\"container\">\n\t\t\t\t\t<div class=\"e-con-inner\">\n\t\t\t\t<div class=\"elementor-element elementor-element-583132d2 elementor-align-center elementor-widget elementor-widget-button\" data-id=\"583132d2\" data-element_type=\"widget\" data-e-type=\"widget\" data-widget_type=\"button.default\">\n\t\t\t\t<div class=\"elementor-widget-container\">\n\t\t\t\t\t\t\t\t\t<div class=\"elementor-button-wrapper\">\n\t\t\t\t\t<a class=\"elementor-button elementor-button-link elementor-size-sm\" href=\"https:\/\/nancy-tunon.com\/es\/el-profesorado\/\">\n\t\t\t\t\t\t<span class=\"elementor-button-content-wrapper\">\n\t\t\t\t\t\t\t\t\t<span class=\"elementor-button-text\">Volver a profesorado<\/span>\n\t\t\t\t\t<\/span>\n\t\t\t\t\t<\/a>\n\t\t\t\t<\/div>\n\t\t\t\t\t\t\t\t<\/div>\n\t\t\t\t<\/div>\n\t\t\t\t\t<\/div>\n\t\t\t\t<\/div>\n\t\t\t\t<\/div>\n\t\t\t\t<\/div>\n\t\t\t\t\t\t<\/div>\n\t\t\t\t<\/div>\n\t\t\t\t\t<\/div>\n\t\t\t\t<\/div>\n\t\t\t\t<\/div>\n\t\t","protected":false},"excerpt":{"rendered":"<p>Actriz y narradora. Curs\u00f3 el Plan de Formaci\u00f3n en el Estudio de Teatro Nancy Tu\u00f1\u00f3n &#8211; Jordi Oliver (1994-1998), ampliando su formaci\u00f3n con cursos espec\u00edficos como El actor ante la c\u00e1mara con Esteve Rovira y Daniel Ventura, Casting con Pep Armengol y Danza Contempor\u00e1nea y Release con Montse Prats, Escuela V\u00edctor Hernando, Tragantdansa y Som-hi [&hellip;]<\/p>\n","protected":false},"author":3,"featured_media":0,"parent":2094,"menu_order":0,"comment_status":"closed","ping_status":"closed","template":"","meta":{"_acf_changed":false,"inline_featured_image":false,"footnotes":""},"class_list":["post-2885","page","type-page","status-publish","hentry"],"acf":[],"yoast_head":"<!-- This site is optimized with the Yoast SEO plugin v27.3 - https:\/\/yoast.com\/product\/yoast-seo-wordpress\/ -->\n<title>Anna Casals Lloria - Nancy Tu\u00f1\u00f3n<\/title>\n<meta name=\"robots\" content=\"index, follow, max-snippet:-1, max-image-preview:large, max-video-preview:-1\" \/>\n<link rel=\"canonical\" href=\"https:\/\/nancy-tunon.com\/es\/el-profesorado\/anna-casals-lloria\/\" \/>\n<meta property=\"og:locale\" content=\"es_ES\" \/>\n<meta property=\"og:type\" content=\"article\" \/>\n<meta property=\"og:title\" content=\"Anna Casals Lloria - Nancy Tu\u00f1\u00f3n\" \/>\n<meta property=\"og:description\" content=\"Actriz y narradora. Curs\u00f3 el Plan de Formaci\u00f3n en el Estudio de Teatro Nancy Tu\u00f1\u00f3n &#8211; Jordi Oliver (1994-1998), ampliando su formaci\u00f3n con cursos espec\u00edficos como El actor ante la c\u00e1mara con Esteve Rovira y Daniel Ventura, Casting con Pep Armengol y Danza Contempor\u00e1nea y Release con Montse Prats, Escuela V\u00edctor Hernando, Tragantdansa y Som-hi [&hellip;]\" \/>\n<meta property=\"og:url\" content=\"https:\/\/nancy-tunon.com\/es\/el-profesorado\/anna-casals-lloria\/\" \/>\n<meta property=\"og:site_name\" content=\"Nancy Tu\u00f1\u00f3n\" \/>\n<meta property=\"article:publisher\" content=\"https:\/\/www.facebook.com\/nancytunon\" \/>\n<meta property=\"article:modified_time\" content=\"2024-04-22T23:29:56+00:00\" \/>\n<meta property=\"og:image\" content=\"http:\/\/nancy-tunon.com\/wp-content\/uploads\/2024\/04\/ANNA-CASAS.jpg\" \/>\n<meta name=\"twitter:card\" content=\"summary_large_image\" \/>\n<meta name=\"twitter:label1\" content=\"Tiempo de lectura\" \/>\n\t<meta name=\"twitter:data1\" content=\"1 minuto\" \/>\n<script type=\"application\/ld+json\" class=\"yoast-schema-graph\">{\"@context\":\"https:\\\/\\\/schema.org\",\"@graph\":[{\"@type\":\"WebPage\",\"@id\":\"https:\\\/\\\/nancy-tunon.com\\\/es\\\/el-profesorado\\\/anna-casals-lloria\\\/\",\"url\":\"https:\\\/\\\/nancy-tunon.com\\\/es\\\/el-profesorado\\\/anna-casals-lloria\\\/\",\"name\":\"Anna Casals Lloria - Nancy Tu\u00f1\u00f3n\",\"isPartOf\":{\"@id\":\"https:\\\/\\\/nancy-tunon.com\\\/es\\\/#website\"},\"primaryImageOfPage\":{\"@id\":\"https:\\\/\\\/nancy-tunon.com\\\/es\\\/el-profesorado\\\/anna-casals-lloria\\\/#primaryimage\"},\"image\":{\"@id\":\"https:\\\/\\\/nancy-tunon.com\\\/es\\\/el-profesorado\\\/anna-casals-lloria\\\/#primaryimage\"},\"thumbnailUrl\":\"http:\\\/\\\/nancy-tunon.com\\\/wp-content\\\/uploads\\\/2024\\\/04\\\/ANNA-CASAS.jpg\",\"datePublished\":\"2024-04-22T23:28:45+00:00\",\"dateModified\":\"2024-04-22T23:29:56+00:00\",\"breadcrumb\":{\"@id\":\"https:\\\/\\\/nancy-tunon.com\\\/es\\\/el-profesorado\\\/anna-casals-lloria\\\/#breadcrumb\"},\"inLanguage\":\"es\",\"potentialAction\":[{\"@type\":\"ReadAction\",\"target\":[\"https:\\\/\\\/nancy-tunon.com\\\/es\\\/el-profesorado\\\/anna-casals-lloria\\\/\"]}]},{\"@type\":\"ImageObject\",\"inLanguage\":\"es\",\"@id\":\"https:\\\/\\\/nancy-tunon.com\\\/es\\\/el-profesorado\\\/anna-casals-lloria\\\/#primaryimage\",\"url\":\"http:\\\/\\\/nancy-tunon.com\\\/wp-content\\\/uploads\\\/2024\\\/04\\\/ANNA-CASAS.jpg\",\"contentUrl\":\"http:\\\/\\\/nancy-tunon.com\\\/wp-content\\\/uploads\\\/2024\\\/04\\\/ANNA-CASAS.jpg\"},{\"@type\":\"BreadcrumbList\",\"@id\":\"https:\\\/\\\/nancy-tunon.com\\\/es\\\/el-profesorado\\\/anna-casals-lloria\\\/#breadcrumb\",\"itemListElement\":[{\"@type\":\"ListItem\",\"position\":1,\"name\":\"Portada\",\"item\":\"https:\\\/\\\/nancy-tunon.com\\\/es\\\/nancy-tunon-escuela-de-teatro-en-barcelona\\\/\"},{\"@type\":\"ListItem\",\"position\":2,\"name\":\"El profesorado\",\"item\":\"https:\\\/\\\/nancy-tunon.com\\\/es\\\/el-professorat\\\/\"},{\"@type\":\"ListItem\",\"position\":3,\"name\":\"Anna Casals Lloria\"}]},{\"@type\":\"WebSite\",\"@id\":\"https:\\\/\\\/nancy-tunon.com\\\/es\\\/#website\",\"url\":\"https:\\\/\\\/nancy-tunon.com\\\/es\\\/\",\"name\":\"Nancy Tu\u00f1\u00f3n\",\"description\":\"Escuela de actores en Barcelona\",\"publisher\":{\"@id\":\"https:\\\/\\\/nancy-tunon.com\\\/es\\\/#organization\"},\"alternateName\":\"Nancy Tunon\",\"potentialAction\":[{\"@type\":\"SearchAction\",\"target\":{\"@type\":\"EntryPoint\",\"urlTemplate\":\"https:\\\/\\\/nancy-tunon.com\\\/es\\\/?s={search_term_string}\"},\"query-input\":{\"@type\":\"PropertyValueSpecification\",\"valueRequired\":true,\"valueName\":\"search_term_string\"}}],\"inLanguage\":\"es\"},{\"@type\":\"Organization\",\"@id\":\"https:\\\/\\\/nancy-tunon.com\\\/es\\\/#organization\",\"name\":\"Nancy Tu\u00f1\u00f3n\",\"url\":\"https:\\\/\\\/nancy-tunon.com\\\/es\\\/\",\"logo\":{\"@type\":\"ImageObject\",\"inLanguage\":\"es\",\"@id\":\"https:\\\/\\\/nancy-tunon.com\\\/es\\\/#\\\/schema\\\/logo\\\/image\\\/\",\"url\":\"http:\\\/\\\/nancy-tunon.com\\\/wp-content\\\/uploads\\\/2024\\\/01\\\/nancy-t-footer-svg.svg\",\"contentUrl\":\"http:\\\/\\\/nancy-tunon.com\\\/wp-content\\\/uploads\\\/2024\\\/01\\\/nancy-t-footer-svg.svg\",\"width\":906,\"height\":431,\"caption\":\"Nancy Tu\u00f1\u00f3n\"},\"image\":{\"@id\":\"https:\\\/\\\/nancy-tunon.com\\\/es\\\/#\\\/schema\\\/logo\\\/image\\\/\"},\"sameAs\":[\"https:\\\/\\\/www.facebook.com\\\/nancytunon\",\"https:\\\/\\\/www.tiktok.com\\\/@escolanancytunon\"]}]}<\/script>\n<!-- \/ Yoast SEO plugin. -->","yoast_head_json":{"title":"Anna Casals Lloria - Nancy Tu\u00f1\u00f3n","robots":{"index":"index","follow":"follow","max-snippet":"max-snippet:-1","max-image-preview":"max-image-preview:large","max-video-preview":"max-video-preview:-1"},"canonical":"https:\/\/nancy-tunon.com\/es\/el-profesorado\/anna-casals-lloria\/","og_locale":"es_ES","og_type":"article","og_title":"Anna Casals Lloria - Nancy Tu\u00f1\u00f3n","og_description":"Actriz y narradora. Curs\u00f3 el Plan de Formaci\u00f3n en el Estudio de Teatro Nancy Tu\u00f1\u00f3n &#8211; Jordi Oliver (1994-1998), ampliando su formaci\u00f3n con cursos espec\u00edficos como El actor ante la c\u00e1mara con Esteve Rovira y Daniel Ventura, Casting con Pep Armengol y Danza Contempor\u00e1nea y Release con Montse Prats, Escuela V\u00edctor Hernando, Tragantdansa y Som-hi [&hellip;]","og_url":"https:\/\/nancy-tunon.com\/es\/el-profesorado\/anna-casals-lloria\/","og_site_name":"Nancy Tu\u00f1\u00f3n","article_publisher":"https:\/\/www.facebook.com\/nancytunon","article_modified_time":"2024-04-22T23:29:56+00:00","og_image":[{"url":"http:\/\/nancy-tunon.com\/wp-content\/uploads\/2024\/04\/ANNA-CASAS.jpg","type":"","width":"","height":""}],"twitter_card":"summary_large_image","twitter_misc":{"Tiempo de lectura":"1 minuto"},"schema":{"@context":"https:\/\/schema.org","@graph":[{"@type":"WebPage","@id":"https:\/\/nancy-tunon.com\/es\/el-profesorado\/anna-casals-lloria\/","url":"https:\/\/nancy-tunon.com\/es\/el-profesorado\/anna-casals-lloria\/","name":"Anna Casals Lloria - Nancy Tu\u00f1\u00f3n","isPartOf":{"@id":"https:\/\/nancy-tunon.com\/es\/#website"},"primaryImageOfPage":{"@id":"https:\/\/nancy-tunon.com\/es\/el-profesorado\/anna-casals-lloria\/#primaryimage"},"image":{"@id":"https:\/\/nancy-tunon.com\/es\/el-profesorado\/anna-casals-lloria\/#primaryimage"},"thumbnailUrl":"http:\/\/nancy-tunon.com\/wp-content\/uploads\/2024\/04\/ANNA-CASAS.jpg","datePublished":"2024-04-22T23:28:45+00:00","dateModified":"2024-04-22T23:29:56+00:00","breadcrumb":{"@id":"https:\/\/nancy-tunon.com\/es\/el-profesorado\/anna-casals-lloria\/#breadcrumb"},"inLanguage":"es","potentialAction":[{"@type":"ReadAction","target":["https:\/\/nancy-tunon.com\/es\/el-profesorado\/anna-casals-lloria\/"]}]},{"@type":"ImageObject","inLanguage":"es","@id":"https:\/\/nancy-tunon.com\/es\/el-profesorado\/anna-casals-lloria\/#primaryimage","url":"http:\/\/nancy-tunon.com\/wp-content\/uploads\/2024\/04\/ANNA-CASAS.jpg","contentUrl":"http:\/\/nancy-tunon.com\/wp-content\/uploads\/2024\/04\/ANNA-CASAS.jpg"},{"@type":"BreadcrumbList","@id":"https:\/\/nancy-tunon.com\/es\/el-profesorado\/anna-casals-lloria\/#breadcrumb","itemListElement":[{"@type":"ListItem","position":1,"name":"Portada","item":"https:\/\/nancy-tunon.com\/es\/nancy-tunon-escuela-de-teatro-en-barcelona\/"},{"@type":"ListItem","position":2,"name":"El profesorado","item":"https:\/\/nancy-tunon.com\/es\/el-professorat\/"},{"@type":"ListItem","position":3,"name":"Anna Casals Lloria"}]},{"@type":"WebSite","@id":"https:\/\/nancy-tunon.com\/es\/#website","url":"https:\/\/nancy-tunon.com\/es\/","name":"Nancy Tu\u00f1\u00f3n","description":"Escuela de actores en Barcelona","publisher":{"@id":"https:\/\/nancy-tunon.com\/es\/#organization"},"alternateName":"Nancy Tunon","potentialAction":[{"@type":"SearchAction","target":{"@type":"EntryPoint","urlTemplate":"https:\/\/nancy-tunon.com\/es\/?s={search_term_string}"},"query-input":{"@type":"PropertyValueSpecification","valueRequired":true,"valueName":"search_term_string"}}],"inLanguage":"es"},{"@type":"Organization","@id":"https:\/\/nancy-tunon.com\/es\/#organization","name":"Nancy Tu\u00f1\u00f3n","url":"https:\/\/nancy-tunon.com\/es\/","logo":{"@type":"ImageObject","inLanguage":"es","@id":"https:\/\/nancy-tunon.com\/es\/#\/schema\/logo\/image\/","url":"http:\/\/nancy-tunon.com\/wp-content\/uploads\/2024\/01\/nancy-t-footer-svg.svg","contentUrl":"http:\/\/nancy-tunon.com\/wp-content\/uploads\/2024\/01\/nancy-t-footer-svg.svg","width":906,"height":431,"caption":"Nancy Tu\u00f1\u00f3n"},"image":{"@id":"https:\/\/nancy-tunon.com\/es\/#\/schema\/logo\/image\/"},"sameAs":["https:\/\/www.facebook.com\/nancytunon","https:\/\/www.tiktok.com\/@escolanancytunon"]}]}},"_links":{"self":[{"href":"https:\/\/nancy-tunon.com\/es\/wp-json\/wp\/v2\/pages\/2885","targetHints":{"allow":["GET"]}}],"collection":[{"href":"https:\/\/nancy-tunon.com\/es\/wp-json\/wp\/v2\/pages"}],"about":[{"href":"https:\/\/nancy-tunon.com\/es\/wp-json\/wp\/v2\/types\/page"}],"author":[{"embeddable":true,"href":"https:\/\/nancy-tunon.com\/es\/wp-json\/wp\/v2\/users\/3"}],"replies":[{"embeddable":true,"href":"https:\/\/nancy-tunon.com\/es\/wp-json\/wp\/v2\/comments?post=2885"}],"version-history":[{"count":0,"href":"https:\/\/nancy-tunon.com\/es\/wp-json\/wp\/v2\/pages\/2885\/revisions"}],"up":[{"embeddable":true,"href":"https:\/\/nancy-tunon.com\/es\/wp-json\/wp\/v2\/pages\/2094"}],"wp:attachment":[{"href":"https:\/\/nancy-tunon.com\/es\/wp-json\/wp\/v2\/media?parent=2885"}],"curies":[{"name":"wp","href":"https:\/\/api.w.org\/{rel}","templated":true}]}}