{"id":2854,"date":"2024-04-23T01:01:56","date_gmt":"2024-04-22T23:01:56","guid":{"rendered":"http:\/\/nancy-tunon.com\/el-profesorado\/ruben-medina\/"},"modified":"2024-11-07T01:09:40","modified_gmt":"2024-11-06T23:09:40","slug":"ruben-medina","status":"publish","type":"page","link":"https:\/\/nancy-tunon.com\/es\/el-profesorado\/ruben-medina\/","title":{"rendered":"Rub\u00e9n Medina"},"content":{"rendered":"\t\t<div data-elementor-type=\"wp-page\" data-elementor-id=\"2854\" class=\"elementor elementor-2854 elementor-2844\" data-elementor-post-type=\"page\">\n\t\t\t\t<div class=\"elementor-element elementor-element-538e9976 e-con-full e-flex e-con e-parent\" data-id=\"538e9976\" data-element_type=\"container\" data-e-type=\"container\">\n\t\t\t\t<div class=\"elementor-element elementor-element-6194f5e3 elementor-widget elementor-widget-template\" data-id=\"6194f5e3\" data-element_type=\"widget\" data-e-type=\"widget\" data-widget_type=\"template.default\">\n\t\t\t\t<div class=\"elementor-widget-container\">\n\t\t\t\t\t\t\t<div class=\"elementor-template\">\n\t\t\t\t\t<div data-elementor-type=\"container\" data-elementor-id=\"2630\" class=\"elementor elementor-2630 elementor-2628 elementor-2628\" data-elementor-post-type=\"elementor_library\">\n\t\t\t\t<div class=\"elementor-element elementor-element-10263ea4 e-flex e-con-boxed e-con e-parent\" data-id=\"10263ea4\" data-element_type=\"container\" data-e-type=\"container\" data-settings=\"{&quot;background_background&quot;:&quot;classic&quot;}\">\n\t\t\t\t\t<div class=\"e-con-inner\">\n\t\t\t\t<div class=\"elementor-element elementor-element-5e24f1f1 elementor-widget__width-inherit elementor-widget elementor-widget-heading\" data-id=\"5e24f1f1\" data-element_type=\"widget\" data-e-type=\"widget\" data-widget_type=\"heading.default\">\n\t\t\t\t<div class=\"elementor-widget-container\">\n\t\t\t\t\t<h2 class=\"elementor-heading-title elementor-size-default\">El profesorado<\/h2>\t\t\t\t<\/div>\n\t\t\t\t<\/div>\n\t\t\t\t<div class=\"elementor-element elementor-element-a307cb2 profesor-individual-titulo elementor-widget elementor-widget-heading\" data-id=\"a307cb2\" data-element_type=\"widget\" data-e-type=\"widget\" data-widget_type=\"heading.default\">\n\t\t\t\t<div class=\"elementor-widget-container\">\n\t\t\t\t\t<h1 class=\"elementor-heading-title elementor-size-default\">Rub\u00e9n Medina<\/h1>\t\t\t\t<\/div>\n\t\t\t\t<\/div>\n\t\t\t\t\t<\/div>\n\t\t\t\t<\/div>\n\t\t\t\t<\/div>\n\t\t\t\t<\/div>\n\t\t\t\t\t\t<\/div>\n\t\t\t\t<\/div>\n\t\t\t\t<\/div>\n\t\t<div class=\"elementor-element elementor-element-627a1ffe e-flex e-con-boxed e-con e-parent\" data-id=\"627a1ffe\" data-element_type=\"container\" data-e-type=\"container\">\n\t\t\t\t\t<div class=\"e-con-inner\">\n\t\t\t\t<div class=\"elementor-element elementor-element-50e26ccc elementor-widget__width-initial elementor-widget-mobile__width-inherit elementor-widget elementor-widget-image\" data-id=\"50e26ccc\" data-element_type=\"widget\" data-e-type=\"widget\" data-widget_type=\"image.default\">\n\t\t\t\t<div class=\"elementor-widget-container\">\n\t\t\t\t\t\t\t\t\t\t\t\t\t\t\t<img fetchpriority=\"high\" decoding=\"async\" width=\"800\" height=\"1000\" src=\"https:\/\/nancy-tunon.com\/wp-content\/uploads\/2024\/10\/c788dcf3-4363-491e-8405-b76ce4e4b9b0-819x1024.jpg\" class=\"attachment-large size-large wp-image-3525\" alt=\"\" srcset=\"https:\/\/nancy-tunon.com\/wp-content\/uploads\/2024\/10\/c788dcf3-4363-491e-8405-b76ce4e4b9b0-819x1024.jpg 819w, https:\/\/nancy-tunon.com\/wp-content\/uploads\/2024\/10\/c788dcf3-4363-491e-8405-b76ce4e4b9b0-240x300.jpg 240w, https:\/\/nancy-tunon.com\/wp-content\/uploads\/2024\/10\/c788dcf3-4363-491e-8405-b76ce4e4b9b0-768x960.jpg 768w, https:\/\/nancy-tunon.com\/wp-content\/uploads\/2024\/10\/c788dcf3-4363-491e-8405-b76ce4e4b9b0.jpg 1129w\" sizes=\"(max-width: 800px) 100vw, 800px\" \/>\t\t\t\t\t\t\t\t\t\t\t\t\t\t\t<\/div>\n\t\t\t\t<\/div>\n\t\t\t\t<div class=\"elementor-element elementor-element-793445e1 elementor-widget__width-initial elementor-widget-mobile__width-inherit elementor-widget elementor-widget-text-editor\" data-id=\"793445e1\" data-element_type=\"widget\" data-e-type=\"widget\" data-widget_type=\"text-editor.default\">\n\t\t\t\t<div class=\"elementor-widget-container\">\n\t\t\t\t\t\t\t\t\t<p class=\"p1\">Actor formado en el Estudio Nancy Tu\u00f1\u00f3n &#8211; Jordi Oliver. Complementa su formaci\u00f3n con Gestalt Esc\u00e9nic y Eneagrama por el actor con Anna Carner, Entrenamiento Daulte, y Trabajo <span class=\"s1\">de escenas<\/span> con Raquel Carballo, entre <span class=\"s1\">otros<\/span> .<\/p>\n<p class=\"p1\">Es licenciado en Derecho por la Universidad Aut\u00f3noma de Barcelona.<\/p>\n<p class=\"p2\">Como actor, entre otros, trabaja en numerosas producciones de teatro y televisi\u00f3n,  <b>Danza de Agosto<\/b> de Brian Friel (2014),  <b>Fortuna, Fortuna<\/b> de Eduardo De Filippo (2016-2017) y  <b>Luces de Bohemia<\/b> de Ram\u00f3n Mar\u00eda del Valle-Incl\u00e1n (2017-2018), dirigidas por Ram\u00f3n Ribalta en el Teatro del Sol de Sabadell;  <b>Une Sombre de la Rue<\/b> dirigida por Ricard G\u00e1zquez en el Teatro Tantarantana (2016)<b>; Baile Robado<\/b> de Joan Oliver (2017) y  <b>Pedro y el Capit\u00e1n<\/b> de Mario Benedetti, dirigidas por Enric L\u00f3pez con las que gira por varias salas de Catalu\u00f1a (2018);  <b>Los Sat\u00e9lite<\/b> dirigida por Ricard G\u00e1zquez en el Teatre Lliure (2020);  <b>El Infinito<\/b> de Alberto Ramos, dirigida por Anna Sarrablo (2021),  <b>Misterios Entrelazados  <\/b>dirigida por Roger Pera en el Aquitania Teatre (2022),  <b>Crimen Perfecto<\/b>  de Frederick Knott, en Sala Ars Teatre (2022-2023);  <b>Un sitio llamado Maine<\/b>  de John Cariani, dirigida por Ram\u00f3n Garrido en Sala Ars Teatre (2024);  <b>Como si fuera ayer  <\/b>de TV3 dirigida por Esteve Rovira<b>,  <\/b>y diferentes cortometrajes de ESCAC y otras escuelas de cine.<\/p>\n<p class=\"p3\">Actualmente compagina la docencia con su carrera como actor.<\/p>\n\t\t\t\t\t\t\t\t<\/div>\n\t\t\t\t<\/div>\n\t\t\t\t\t<\/div>\n\t\t\t\t<\/div>\n\t\t<div class=\"elementor-element elementor-element-770fab e-flex e-con-boxed e-con e-parent\" data-id=\"770fab\" data-element_type=\"container\" data-e-type=\"container\">\n\t\t\t\t\t<div class=\"e-con-inner\">\n\t\t\t\t<div class=\"elementor-element elementor-element-ff432ac elementor-widget elementor-widget-template\" data-id=\"ff432ac\" data-element_type=\"widget\" data-e-type=\"widget\" data-widget_type=\"template.default\">\n\t\t\t\t<div class=\"elementor-widget-container\">\n\t\t\t\t\t\t\t<div class=\"elementor-template\">\n\t\t\t\t\t<div data-elementor-type=\"container\" data-elementor-id=\"2634\" class=\"elementor elementor-2634 elementor-2632 elementor-2632\" data-elementor-post-type=\"elementor_library\">\n\t\t\t\t<div class=\"elementor-element elementor-element-321707bb e-flex e-con-boxed e-con e-parent\" data-id=\"321707bb\" data-element_type=\"container\" data-e-type=\"container\">\n\t\t\t\t\t<div class=\"e-con-inner\">\n\t\t\t\t<div class=\"elementor-element elementor-element-583132d2 elementor-align-center elementor-widget elementor-widget-button\" data-id=\"583132d2\" data-element_type=\"widget\" data-e-type=\"widget\" data-widget_type=\"button.default\">\n\t\t\t\t<div class=\"elementor-widget-container\">\n\t\t\t\t\t\t\t\t\t<div class=\"elementor-button-wrapper\">\n\t\t\t\t\t<a class=\"elementor-button elementor-button-link elementor-size-sm\" href=\"https:\/\/nancy-tunon.com\/es\/el-profesorado\/\">\n\t\t\t\t\t\t<span class=\"elementor-button-content-wrapper\">\n\t\t\t\t\t\t\t\t\t<span class=\"elementor-button-text\">Volver a profesorado<\/span>\n\t\t\t\t\t<\/span>\n\t\t\t\t\t<\/a>\n\t\t\t\t<\/div>\n\t\t\t\t\t\t\t\t<\/div>\n\t\t\t\t<\/div>\n\t\t\t\t\t<\/div>\n\t\t\t\t<\/div>\n\t\t\t\t<\/div>\n\t\t\t\t<\/div>\n\t\t\t\t\t\t<\/div>\n\t\t\t\t<\/div>\n\t\t\t\t\t<\/div>\n\t\t\t\t<\/div>\n\t\t\t\t<\/div>\n\t\t","protected":false},"excerpt":{"rendered":"<p>Actor formado en el Estudio Nancy Tu\u00f1\u00f3n &#8211; Jordi Oliver. Complementa su formaci\u00f3n con Gestalt Esc\u00e9nic y Eneagrama por el actor con Anna Carner, Entrenamiento Daulte, y Trabajo de escenas con Raquel Carballo, entre otros . Es licenciado en Derecho por la Universidad Aut\u00f3noma de Barcelona. Como actor, entre otros, trabaja en numerosas producciones de [&hellip;]<\/p>\n","protected":false},"author":3,"featured_media":0,"parent":2094,"menu_order":0,"comment_status":"closed","ping_status":"closed","template":"","meta":{"_acf_changed":false,"inline_featured_image":false,"footnotes":""},"class_list":["post-2854","page","type-page","status-publish","hentry"],"acf":[],"yoast_head":"<!-- This site is optimized with the Yoast SEO plugin v27.5 - https:\/\/yoast.com\/product\/yoast-seo-wordpress\/ -->\n<title>Rub\u00e9n Medina - Nancy Tu\u00f1\u00f3n<\/title>\n<meta name=\"robots\" content=\"index, follow, max-snippet:-1, max-image-preview:large, max-video-preview:-1\" \/>\n<link rel=\"canonical\" href=\"https:\/\/nancy-tunon.com\/es\/el-profesorado\/ruben-medina\/\" \/>\n<meta property=\"og:locale\" content=\"es_ES\" \/>\n<meta property=\"og:type\" content=\"article\" \/>\n<meta property=\"og:title\" content=\"Rub\u00e9n Medina - Nancy Tu\u00f1\u00f3n\" \/>\n<meta property=\"og:description\" content=\"Actor formado en el Estudio Nancy Tu\u00f1\u00f3n &#8211; Jordi Oliver. Complementa su formaci\u00f3n con Gestalt Esc\u00e9nic y Eneagrama por el actor con Anna Carner, Entrenamiento Daulte, y Trabajo de escenas con Raquel Carballo, entre otros . Es licenciado en Derecho por la Universidad Aut\u00f3noma de Barcelona. Como actor, entre otros, trabaja en numerosas producciones de [&hellip;]\" \/>\n<meta property=\"og:url\" content=\"https:\/\/nancy-tunon.com\/es\/el-profesorado\/ruben-medina\/\" \/>\n<meta property=\"og:site_name\" content=\"Nancy Tu\u00f1\u00f3n\" \/>\n<meta property=\"article:publisher\" content=\"https:\/\/www.facebook.com\/nancytunon\" \/>\n<meta property=\"article:modified_time\" content=\"2024-11-06T23:09:40+00:00\" \/>\n<meta property=\"og:image\" content=\"http:\/\/nancy-tunon.com\/wp-content\/uploads\/2024\/10\/c788dcf3-4363-491e-8405-b76ce4e4b9b0-819x1024.jpg\" \/>\n<meta name=\"twitter:card\" content=\"summary_large_image\" \/>\n<meta name=\"twitter:label1\" content=\"Tiempo de lectura\" \/>\n\t<meta name=\"twitter:data1\" content=\"2 minutos\" \/>\n<script type=\"application\/ld+json\" class=\"yoast-schema-graph\">{\"@context\":\"https:\\\/\\\/schema.org\",\"@graph\":[{\"@type\":\"WebPage\",\"@id\":\"https:\\\/\\\/nancy-tunon.com\\\/es\\\/el-profesorado\\\/ruben-medina\\\/\",\"url\":\"https:\\\/\\\/nancy-tunon.com\\\/es\\\/el-profesorado\\\/ruben-medina\\\/\",\"name\":\"Rub\u00e9n Medina - Nancy Tu\u00f1\u00f3n\",\"isPartOf\":{\"@id\":\"https:\\\/\\\/nancy-tunon.com\\\/es\\\/#website\"},\"primaryImageOfPage\":{\"@id\":\"https:\\\/\\\/nancy-tunon.com\\\/es\\\/el-profesorado\\\/ruben-medina\\\/#primaryimage\"},\"image\":{\"@id\":\"https:\\\/\\\/nancy-tunon.com\\\/es\\\/el-profesorado\\\/ruben-medina\\\/#primaryimage\"},\"thumbnailUrl\":\"http:\\\/\\\/nancy-tunon.com\\\/wp-content\\\/uploads\\\/2024\\\/10\\\/c788dcf3-4363-491e-8405-b76ce4e4b9b0-819x1024.jpg\",\"datePublished\":\"2024-04-22T23:01:56+00:00\",\"dateModified\":\"2024-11-06T23:09:40+00:00\",\"breadcrumb\":{\"@id\":\"https:\\\/\\\/nancy-tunon.com\\\/es\\\/el-profesorado\\\/ruben-medina\\\/#breadcrumb\"},\"inLanguage\":\"es\",\"potentialAction\":[{\"@type\":\"ReadAction\",\"target\":[\"https:\\\/\\\/nancy-tunon.com\\\/es\\\/el-profesorado\\\/ruben-medina\\\/\"]}]},{\"@type\":\"ImageObject\",\"inLanguage\":\"es\",\"@id\":\"https:\\\/\\\/nancy-tunon.com\\\/es\\\/el-profesorado\\\/ruben-medina\\\/#primaryimage\",\"url\":\"http:\\\/\\\/nancy-tunon.com\\\/wp-content\\\/uploads\\\/2024\\\/10\\\/c788dcf3-4363-491e-8405-b76ce4e4b9b0-819x1024.jpg\",\"contentUrl\":\"http:\\\/\\\/nancy-tunon.com\\\/wp-content\\\/uploads\\\/2024\\\/10\\\/c788dcf3-4363-491e-8405-b76ce4e4b9b0-819x1024.jpg\"},{\"@type\":\"BreadcrumbList\",\"@id\":\"https:\\\/\\\/nancy-tunon.com\\\/es\\\/el-profesorado\\\/ruben-medina\\\/#breadcrumb\",\"itemListElement\":[{\"@type\":\"ListItem\",\"position\":1,\"name\":\"Portada\",\"item\":\"https:\\\/\\\/nancy-tunon.com\\\/es\\\/nancy-tunon-escuela-de-teatro-en-barcelona\\\/\"},{\"@type\":\"ListItem\",\"position\":2,\"name\":\"El profesorado\",\"item\":\"https:\\\/\\\/nancy-tunon.com\\\/es\\\/el-professorat\\\/\"},{\"@type\":\"ListItem\",\"position\":3,\"name\":\"Rub\u00e9n Medina\"}]},{\"@type\":\"WebSite\",\"@id\":\"https:\\\/\\\/nancy-tunon.com\\\/es\\\/#website\",\"url\":\"https:\\\/\\\/nancy-tunon.com\\\/es\\\/\",\"name\":\"Nancy Tu\u00f1\u00f3n\",\"description\":\"Escuela de actores en Barcelona\",\"publisher\":{\"@id\":\"https:\\\/\\\/nancy-tunon.com\\\/es\\\/#organization\"},\"alternateName\":\"Nancy Tunon\",\"potentialAction\":[{\"@type\":\"SearchAction\",\"target\":{\"@type\":\"EntryPoint\",\"urlTemplate\":\"https:\\\/\\\/nancy-tunon.com\\\/es\\\/?s={search_term_string}\"},\"query-input\":{\"@type\":\"PropertyValueSpecification\",\"valueRequired\":true,\"valueName\":\"search_term_string\"}}],\"inLanguage\":\"es\"},{\"@type\":\"Organization\",\"@id\":\"https:\\\/\\\/nancy-tunon.com\\\/es\\\/#organization\",\"name\":\"Nancy Tu\u00f1\u00f3n\",\"url\":\"https:\\\/\\\/nancy-tunon.com\\\/es\\\/\",\"logo\":{\"@type\":\"ImageObject\",\"inLanguage\":\"es\",\"@id\":\"https:\\\/\\\/nancy-tunon.com\\\/es\\\/#\\\/schema\\\/logo\\\/image\\\/\",\"url\":\"http:\\\/\\\/nancy-tunon.com\\\/wp-content\\\/uploads\\\/2024\\\/01\\\/nancy-t-footer-svg.svg\",\"contentUrl\":\"http:\\\/\\\/nancy-tunon.com\\\/wp-content\\\/uploads\\\/2024\\\/01\\\/nancy-t-footer-svg.svg\",\"width\":906,\"height\":431,\"caption\":\"Nancy Tu\u00f1\u00f3n\"},\"image\":{\"@id\":\"https:\\\/\\\/nancy-tunon.com\\\/es\\\/#\\\/schema\\\/logo\\\/image\\\/\"},\"sameAs\":[\"https:\\\/\\\/www.facebook.com\\\/nancytunon\",\"https:\\\/\\\/www.tiktok.com\\\/@escolanancytunon\"]}]}<\/script>\n<!-- \/ Yoast SEO plugin. -->","yoast_head_json":{"title":"Rub\u00e9n Medina - Nancy Tu\u00f1\u00f3n","robots":{"index":"index","follow":"follow","max-snippet":"max-snippet:-1","max-image-preview":"max-image-preview:large","max-video-preview":"max-video-preview:-1"},"canonical":"https:\/\/nancy-tunon.com\/es\/el-profesorado\/ruben-medina\/","og_locale":"es_ES","og_type":"article","og_title":"Rub\u00e9n Medina - Nancy Tu\u00f1\u00f3n","og_description":"Actor formado en el Estudio Nancy Tu\u00f1\u00f3n &#8211; Jordi Oliver. Complementa su formaci\u00f3n con Gestalt Esc\u00e9nic y Eneagrama por el actor con Anna Carner, Entrenamiento Daulte, y Trabajo de escenas con Raquel Carballo, entre otros . Es licenciado en Derecho por la Universidad Aut\u00f3noma de Barcelona. Como actor, entre otros, trabaja en numerosas producciones de [&hellip;]","og_url":"https:\/\/nancy-tunon.com\/es\/el-profesorado\/ruben-medina\/","og_site_name":"Nancy Tu\u00f1\u00f3n","article_publisher":"https:\/\/www.facebook.com\/nancytunon","article_modified_time":"2024-11-06T23:09:40+00:00","og_image":[{"url":"http:\/\/nancy-tunon.com\/wp-content\/uploads\/2024\/10\/c788dcf3-4363-491e-8405-b76ce4e4b9b0-819x1024.jpg","type":"","width":"","height":""}],"twitter_card":"summary_large_image","twitter_misc":{"Tiempo de lectura":"2 minutos"},"schema":{"@context":"https:\/\/schema.org","@graph":[{"@type":"WebPage","@id":"https:\/\/nancy-tunon.com\/es\/el-profesorado\/ruben-medina\/","url":"https:\/\/nancy-tunon.com\/es\/el-profesorado\/ruben-medina\/","name":"Rub\u00e9n Medina - Nancy Tu\u00f1\u00f3n","isPartOf":{"@id":"https:\/\/nancy-tunon.com\/es\/#website"},"primaryImageOfPage":{"@id":"https:\/\/nancy-tunon.com\/es\/el-profesorado\/ruben-medina\/#primaryimage"},"image":{"@id":"https:\/\/nancy-tunon.com\/es\/el-profesorado\/ruben-medina\/#primaryimage"},"thumbnailUrl":"http:\/\/nancy-tunon.com\/wp-content\/uploads\/2024\/10\/c788dcf3-4363-491e-8405-b76ce4e4b9b0-819x1024.jpg","datePublished":"2024-04-22T23:01:56+00:00","dateModified":"2024-11-06T23:09:40+00:00","breadcrumb":{"@id":"https:\/\/nancy-tunon.com\/es\/el-profesorado\/ruben-medina\/#breadcrumb"},"inLanguage":"es","potentialAction":[{"@type":"ReadAction","target":["https:\/\/nancy-tunon.com\/es\/el-profesorado\/ruben-medina\/"]}]},{"@type":"ImageObject","inLanguage":"es","@id":"https:\/\/nancy-tunon.com\/es\/el-profesorado\/ruben-medina\/#primaryimage","url":"http:\/\/nancy-tunon.com\/wp-content\/uploads\/2024\/10\/c788dcf3-4363-491e-8405-b76ce4e4b9b0-819x1024.jpg","contentUrl":"http:\/\/nancy-tunon.com\/wp-content\/uploads\/2024\/10\/c788dcf3-4363-491e-8405-b76ce4e4b9b0-819x1024.jpg"},{"@type":"BreadcrumbList","@id":"https:\/\/nancy-tunon.com\/es\/el-profesorado\/ruben-medina\/#breadcrumb","itemListElement":[{"@type":"ListItem","position":1,"name":"Portada","item":"https:\/\/nancy-tunon.com\/es\/nancy-tunon-escuela-de-teatro-en-barcelona\/"},{"@type":"ListItem","position":2,"name":"El profesorado","item":"https:\/\/nancy-tunon.com\/es\/el-professorat\/"},{"@type":"ListItem","position":3,"name":"Rub\u00e9n Medina"}]},{"@type":"WebSite","@id":"https:\/\/nancy-tunon.com\/es\/#website","url":"https:\/\/nancy-tunon.com\/es\/","name":"Nancy Tu\u00f1\u00f3n","description":"Escuela de actores en Barcelona","publisher":{"@id":"https:\/\/nancy-tunon.com\/es\/#organization"},"alternateName":"Nancy Tunon","potentialAction":[{"@type":"SearchAction","target":{"@type":"EntryPoint","urlTemplate":"https:\/\/nancy-tunon.com\/es\/?s={search_term_string}"},"query-input":{"@type":"PropertyValueSpecification","valueRequired":true,"valueName":"search_term_string"}}],"inLanguage":"es"},{"@type":"Organization","@id":"https:\/\/nancy-tunon.com\/es\/#organization","name":"Nancy Tu\u00f1\u00f3n","url":"https:\/\/nancy-tunon.com\/es\/","logo":{"@type":"ImageObject","inLanguage":"es","@id":"https:\/\/nancy-tunon.com\/es\/#\/schema\/logo\/image\/","url":"http:\/\/nancy-tunon.com\/wp-content\/uploads\/2024\/01\/nancy-t-footer-svg.svg","contentUrl":"http:\/\/nancy-tunon.com\/wp-content\/uploads\/2024\/01\/nancy-t-footer-svg.svg","width":906,"height":431,"caption":"Nancy Tu\u00f1\u00f3n"},"image":{"@id":"https:\/\/nancy-tunon.com\/es\/#\/schema\/logo\/image\/"},"sameAs":["https:\/\/www.facebook.com\/nancytunon","https:\/\/www.tiktok.com\/@escolanancytunon"]}]}},"_links":{"self":[{"href":"https:\/\/nancy-tunon.com\/es\/wp-json\/wp\/v2\/pages\/2854","targetHints":{"allow":["GET"]}}],"collection":[{"href":"https:\/\/nancy-tunon.com\/es\/wp-json\/wp\/v2\/pages"}],"about":[{"href":"https:\/\/nancy-tunon.com\/es\/wp-json\/wp\/v2\/types\/page"}],"author":[{"embeddable":true,"href":"https:\/\/nancy-tunon.com\/es\/wp-json\/wp\/v2\/users\/3"}],"replies":[{"embeddable":true,"href":"https:\/\/nancy-tunon.com\/es\/wp-json\/wp\/v2\/comments?post=2854"}],"version-history":[{"count":0,"href":"https:\/\/nancy-tunon.com\/es\/wp-json\/wp\/v2\/pages\/2854\/revisions"}],"up":[{"embeddable":true,"href":"https:\/\/nancy-tunon.com\/es\/wp-json\/wp\/v2\/pages\/2094"}],"wp:attachment":[{"href":"https:\/\/nancy-tunon.com\/es\/wp-json\/wp\/v2\/media?parent=2854"}],"curies":[{"name":"wp","href":"https:\/\/api.w.org\/{rel}","templated":true}]}}