{"id":2842,"date":"2024-04-23T00:58:23","date_gmt":"2024-04-22T22:58:23","guid":{"rendered":"http:\/\/nancy-tunon.com\/el-profesorado\/rakel-marin-ezpeleta\/"},"modified":"2024-04-23T01:00:18","modified_gmt":"2024-04-22T23:00:18","slug":"rakel-marin-ezpeleta","status":"publish","type":"page","link":"https:\/\/nancy-tunon.com\/es\/el-profesorado\/rakel-marin-ezpeleta\/","title":{"rendered":"Rakel Mar\u00edn Ezpeleta"},"content":{"rendered":"\t\t<div data-elementor-type=\"wp-page\" data-elementor-id=\"2842\" class=\"elementor elementor-2842 elementor-2832\" data-elementor-post-type=\"page\">\n\t\t\t\t<div class=\"elementor-element elementor-element-3b24d48b e-con-full e-flex e-con e-parent\" data-id=\"3b24d48b\" data-element_type=\"container\" data-e-type=\"container\">\n\t\t\t\t<div class=\"elementor-element elementor-element-683f1823 elementor-widget elementor-widget-template\" data-id=\"683f1823\" data-element_type=\"widget\" data-e-type=\"widget\" data-widget_type=\"template.default\">\n\t\t\t\t<div class=\"elementor-widget-container\">\n\t\t\t\t\t\t\t<div class=\"elementor-template\">\n\t\t\t\t\t<div data-elementor-type=\"container\" data-elementor-id=\"2630\" class=\"elementor elementor-2630 elementor-2628 elementor-2628\" data-elementor-post-type=\"elementor_library\">\n\t\t\t\t<div class=\"elementor-element elementor-element-10263ea4 e-flex e-con-boxed e-con e-parent\" data-id=\"10263ea4\" data-element_type=\"container\" data-e-type=\"container\" data-settings=\"{&quot;background_background&quot;:&quot;classic&quot;}\">\n\t\t\t\t\t<div class=\"e-con-inner\">\n\t\t\t\t<div class=\"elementor-element elementor-element-5e24f1f1 elementor-widget__width-inherit elementor-widget elementor-widget-heading\" data-id=\"5e24f1f1\" data-element_type=\"widget\" data-e-type=\"widget\" data-widget_type=\"heading.default\">\n\t\t\t\t<div class=\"elementor-widget-container\">\n\t\t\t\t\t<h2 class=\"elementor-heading-title elementor-size-default\">El profesorado<\/h2>\t\t\t\t<\/div>\n\t\t\t\t<\/div>\n\t\t\t\t<div class=\"elementor-element elementor-element-a307cb2 profesor-individual-titulo elementor-widget elementor-widget-heading\" data-id=\"a307cb2\" data-element_type=\"widget\" data-e-type=\"widget\" data-widget_type=\"heading.default\">\n\t\t\t\t<div class=\"elementor-widget-container\">\n\t\t\t\t\t<h1 class=\"elementor-heading-title elementor-size-default\">Rakel Mar\u00edn Ezpeleta<\/h1>\t\t\t\t<\/div>\n\t\t\t\t<\/div>\n\t\t\t\t\t<\/div>\n\t\t\t\t<\/div>\n\t\t\t\t<\/div>\n\t\t\t\t<\/div>\n\t\t\t\t\t\t<\/div>\n\t\t\t\t<\/div>\n\t\t\t\t<\/div>\n\t\t<div class=\"elementor-element elementor-element-61ae8a57 e-flex e-con-boxed e-con e-parent\" data-id=\"61ae8a57\" data-element_type=\"container\" data-e-type=\"container\">\n\t\t\t\t\t<div class=\"e-con-inner\">\n\t\t\t\t<div class=\"elementor-element elementor-element-14647580 elementor-widget__width-initial elementor-widget-mobile__width-inherit elementor-widget elementor-widget-image\" data-id=\"14647580\" data-element_type=\"widget\" data-e-type=\"widget\" data-widget_type=\"image.default\">\n\t\t\t\t<div class=\"elementor-widget-container\">\n\t\t\t\t\t\t\t\t\t\t\t\t\t\t\t<img fetchpriority=\"high\" decoding=\"async\" width=\"684\" height=\"1024\" src=\"https:\/\/nancy-tunon.com\/wp-content\/uploads\/2024\/04\/RAKEL-MARIN-EZPELETA-684x1024.jpg\" class=\"attachment-large size-large wp-image-2838\" alt=\"\" srcset=\"https:\/\/nancy-tunon.com\/wp-content\/uploads\/2024\/04\/RAKEL-MARIN-EZPELETA-684x1024.jpg 684w, https:\/\/nancy-tunon.com\/wp-content\/uploads\/2024\/04\/RAKEL-MARIN-EZPELETA-200x300.jpg 200w, https:\/\/nancy-tunon.com\/wp-content\/uploads\/2024\/04\/RAKEL-MARIN-EZPELETA-768x1151.jpg 768w, https:\/\/nancy-tunon.com\/wp-content\/uploads\/2024\/04\/RAKEL-MARIN-EZPELETA.jpg 801w\" sizes=\"(max-width: 684px) 100vw, 684px\" \/>\t\t\t\t\t\t\t\t\t\t\t\t\t\t\t<\/div>\n\t\t\t\t<\/div>\n\t\t\t\t<div class=\"elementor-element elementor-element-48e365cf elementor-widget__width-initial elementor-widget-mobile__width-inherit elementor-widget elementor-widget-text-editor\" data-id=\"48e365cf\" data-element_type=\"widget\" data-e-type=\"widget\" data-widget_type=\"text-editor.default\">\n\t\t\t\t<div class=\"elementor-widget-container\">\n\t\t\t\t\t\t\t\t\t<p class=\"p1\"><span class=\"s1\">Actriz y cantante profesional en activo. Licenciada en Historia del Arte por la UPV\/EHU y doctorada en Estudios Teatrales por la UAB. Diplomada en t\u00e9cnica Meisner por Javier Galit\u00f3-Cava y en comedia musical por Coco Com\u00edn, formaci\u00f3n en la que conoce a la profesora Raquel Carballo y se introduce con ella en el mundo de la ense\u00f1anza de dicci\u00f3n castellana.  <\/span><\/p>\n<p class=\"p1\"><span class=\"s1\">Desde 2003 ha impartido clases de Expresi\u00f3n Oral, Voz y Dicci\u00f3n Castellana en centros como MicroObert, ECIB, E\u00f2lia, Set de Acci\u00f3, la UPC, Laura Jou, ECAD (Barcelona), El Galliner (Girona) y EIMA (Madrid) a estudiantes de interpretaci\u00f3n, locutor(e)sy periodistas profesionales. Profesora titular de Dicci\u00f3n Castellana en Nancy Tu\u00f1\u00f3n entre 2007 y 2011, y de Voz entre 2008 y 2011. Tambi\u00e9n ha trabajado como coach de dicci\u00f3n, interpretaci\u00f3n y expresi\u00f3n oral en diversas creaciones audiovisuales (para la productora ACTEON, el director Claudio Zuli\u00e1n, la pel\u00edcula \u00abUn an, une nuit\u00bb de Isaki Lakuesta&#8230;), compa\u00f1\u00edas teatrales , el Aula de Teatro de la UAB y empresas. Ha dirigido seis obras de teatro. En 2018 regresa a Nancy Tu\u00f1on como profesora titular de dicci\u00f3n castellana.  <\/span><\/p>\n\t\t\t\t\t\t\t\t<\/div>\n\t\t\t\t<\/div>\n\t\t\t\t\t<\/div>\n\t\t\t\t<\/div>\n\t\t<div class=\"elementor-element elementor-element-1799f2da e-flex e-con-boxed e-con e-parent\" data-id=\"1799f2da\" data-element_type=\"container\" data-e-type=\"container\">\n\t\t\t\t\t<div class=\"e-con-inner\">\n\t\t\t\t<div class=\"elementor-element elementor-element-54d93a4b elementor-widget elementor-widget-template\" data-id=\"54d93a4b\" data-element_type=\"widget\" data-e-type=\"widget\" data-widget_type=\"template.default\">\n\t\t\t\t<div class=\"elementor-widget-container\">\n\t\t\t\t\t\t\t<div class=\"elementor-template\">\n\t\t\t\t\t<div data-elementor-type=\"container\" data-elementor-id=\"2634\" class=\"elementor elementor-2634 elementor-2632 elementor-2632\" data-elementor-post-type=\"elementor_library\">\n\t\t\t\t<div class=\"elementor-element elementor-element-321707bb e-flex e-con-boxed e-con e-parent\" data-id=\"321707bb\" data-element_type=\"container\" data-e-type=\"container\">\n\t\t\t\t\t<div class=\"e-con-inner\">\n\t\t\t\t<div class=\"elementor-element elementor-element-583132d2 elementor-align-center elementor-widget elementor-widget-button\" data-id=\"583132d2\" data-element_type=\"widget\" data-e-type=\"widget\" data-widget_type=\"button.default\">\n\t\t\t\t<div class=\"elementor-widget-container\">\n\t\t\t\t\t\t\t\t\t<div class=\"elementor-button-wrapper\">\n\t\t\t\t\t<a class=\"elementor-button elementor-button-link elementor-size-sm\" href=\"https:\/\/nancy-tunon.com\/es\/el-profesorado\/\">\n\t\t\t\t\t\t<span class=\"elementor-button-content-wrapper\">\n\t\t\t\t\t\t\t\t\t<span class=\"elementor-button-text\">Volver a profesorado<\/span>\n\t\t\t\t\t<\/span>\n\t\t\t\t\t<\/a>\n\t\t\t\t<\/div>\n\t\t\t\t\t\t\t\t<\/div>\n\t\t\t\t<\/div>\n\t\t\t\t\t<\/div>\n\t\t\t\t<\/div>\n\t\t\t\t<\/div>\n\t\t\t\t<\/div>\n\t\t\t\t\t\t<\/div>\n\t\t\t\t<\/div>\n\t\t\t\t\t<\/div>\n\t\t\t\t<\/div>\n\t\t\t\t<\/div>\n\t\t","protected":false},"excerpt":{"rendered":"<p>Actriz y cantante profesional en activo. Licenciada en Historia del Arte por la UPV\/EHU y doctorada en Estudios Teatrales por la UAB. Diplomada en t\u00e9cnica Meisner por Javier Galit\u00f3-Cava y en comedia musical por Coco Com\u00edn, formaci\u00f3n en la que conoce a la profesora Raquel Carballo y se introduce con ella en el mundo de [&hellip;]<\/p>\n","protected":false},"author":3,"featured_media":0,"parent":2094,"menu_order":0,"comment_status":"closed","ping_status":"closed","template":"","meta":{"_acf_changed":false,"inline_featured_image":false,"footnotes":""},"class_list":["post-2842","page","type-page","status-publish","hentry"],"acf":[],"yoast_head":"<!-- This site is optimized with the Yoast SEO plugin v27.5 - https:\/\/yoast.com\/product\/yoast-seo-wordpress\/ -->\n<title>Rakel Mar\u00edn Ezpeleta - Nancy Tu\u00f1\u00f3n<\/title>\n<meta name=\"robots\" content=\"index, follow, max-snippet:-1, max-image-preview:large, max-video-preview:-1\" \/>\n<link rel=\"canonical\" href=\"https:\/\/nancy-tunon.com\/es\/el-profesorado\/rakel-marin-ezpeleta\/\" \/>\n<meta property=\"og:locale\" content=\"es_ES\" \/>\n<meta property=\"og:type\" content=\"article\" \/>\n<meta property=\"og:title\" content=\"Rakel Mar\u00edn Ezpeleta - Nancy Tu\u00f1\u00f3n\" \/>\n<meta property=\"og:description\" content=\"Actriz y cantante profesional en activo. Licenciada en Historia del Arte por la UPV\/EHU y doctorada en Estudios Teatrales por la UAB. Diplomada en t\u00e9cnica Meisner por Javier Galit\u00f3-Cava y en comedia musical por Coco Com\u00edn, formaci\u00f3n en la que conoce a la profesora Raquel Carballo y se introduce con ella en el mundo de [&hellip;]\" \/>\n<meta property=\"og:url\" content=\"https:\/\/nancy-tunon.com\/es\/el-profesorado\/rakel-marin-ezpeleta\/\" \/>\n<meta property=\"og:site_name\" content=\"Nancy Tu\u00f1\u00f3n\" \/>\n<meta property=\"article:publisher\" content=\"https:\/\/www.facebook.com\/nancytunon\" \/>\n<meta property=\"article:modified_time\" content=\"2024-04-22T23:00:18+00:00\" \/>\n<meta property=\"og:image\" content=\"http:\/\/nancy-tunon.com\/wp-content\/uploads\/2024\/04\/RAKEL-MARIN-EZPELETA-684x1024.jpg\" \/>\n<meta name=\"twitter:card\" content=\"summary_large_image\" \/>\n<meta name=\"twitter:label1\" content=\"Tiempo de lectura\" \/>\n\t<meta name=\"twitter:data1\" content=\"1 minuto\" \/>\n<script type=\"application\/ld+json\" class=\"yoast-schema-graph\">{\"@context\":\"https:\\\/\\\/schema.org\",\"@graph\":[{\"@type\":\"WebPage\",\"@id\":\"https:\\\/\\\/nancy-tunon.com\\\/es\\\/el-profesorado\\\/rakel-marin-ezpeleta\\\/\",\"url\":\"https:\\\/\\\/nancy-tunon.com\\\/es\\\/el-profesorado\\\/rakel-marin-ezpeleta\\\/\",\"name\":\"Rakel Mar\u00edn Ezpeleta - Nancy Tu\u00f1\u00f3n\",\"isPartOf\":{\"@id\":\"https:\\\/\\\/nancy-tunon.com\\\/es\\\/#website\"},\"primaryImageOfPage\":{\"@id\":\"https:\\\/\\\/nancy-tunon.com\\\/es\\\/el-profesorado\\\/rakel-marin-ezpeleta\\\/#primaryimage\"},\"image\":{\"@id\":\"https:\\\/\\\/nancy-tunon.com\\\/es\\\/el-profesorado\\\/rakel-marin-ezpeleta\\\/#primaryimage\"},\"thumbnailUrl\":\"http:\\\/\\\/nancy-tunon.com\\\/wp-content\\\/uploads\\\/2024\\\/04\\\/RAKEL-MARIN-EZPELETA-684x1024.jpg\",\"datePublished\":\"2024-04-22T22:58:23+00:00\",\"dateModified\":\"2024-04-22T23:00:18+00:00\",\"breadcrumb\":{\"@id\":\"https:\\\/\\\/nancy-tunon.com\\\/es\\\/el-profesorado\\\/rakel-marin-ezpeleta\\\/#breadcrumb\"},\"inLanguage\":\"es\",\"potentialAction\":[{\"@type\":\"ReadAction\",\"target\":[\"https:\\\/\\\/nancy-tunon.com\\\/es\\\/el-profesorado\\\/rakel-marin-ezpeleta\\\/\"]}]},{\"@type\":\"ImageObject\",\"inLanguage\":\"es\",\"@id\":\"https:\\\/\\\/nancy-tunon.com\\\/es\\\/el-profesorado\\\/rakel-marin-ezpeleta\\\/#primaryimage\",\"url\":\"http:\\\/\\\/nancy-tunon.com\\\/wp-content\\\/uploads\\\/2024\\\/04\\\/RAKEL-MARIN-EZPELETA-684x1024.jpg\",\"contentUrl\":\"http:\\\/\\\/nancy-tunon.com\\\/wp-content\\\/uploads\\\/2024\\\/04\\\/RAKEL-MARIN-EZPELETA-684x1024.jpg\"},{\"@type\":\"BreadcrumbList\",\"@id\":\"https:\\\/\\\/nancy-tunon.com\\\/es\\\/el-profesorado\\\/rakel-marin-ezpeleta\\\/#breadcrumb\",\"itemListElement\":[{\"@type\":\"ListItem\",\"position\":1,\"name\":\"Portada\",\"item\":\"https:\\\/\\\/nancy-tunon.com\\\/es\\\/nancy-tunon-escuela-de-teatro-en-barcelona\\\/\"},{\"@type\":\"ListItem\",\"position\":2,\"name\":\"El profesorado\",\"item\":\"https:\\\/\\\/nancy-tunon.com\\\/es\\\/el-professorat\\\/\"},{\"@type\":\"ListItem\",\"position\":3,\"name\":\"Rakel Mar\u00edn Ezpeleta\"}]},{\"@type\":\"WebSite\",\"@id\":\"https:\\\/\\\/nancy-tunon.com\\\/es\\\/#website\",\"url\":\"https:\\\/\\\/nancy-tunon.com\\\/es\\\/\",\"name\":\"Nancy Tu\u00f1\u00f3n\",\"description\":\"Escuela de actores en Barcelona\",\"publisher\":{\"@id\":\"https:\\\/\\\/nancy-tunon.com\\\/es\\\/#organization\"},\"alternateName\":\"Nancy Tunon\",\"potentialAction\":[{\"@type\":\"SearchAction\",\"target\":{\"@type\":\"EntryPoint\",\"urlTemplate\":\"https:\\\/\\\/nancy-tunon.com\\\/es\\\/?s={search_term_string}\"},\"query-input\":{\"@type\":\"PropertyValueSpecification\",\"valueRequired\":true,\"valueName\":\"search_term_string\"}}],\"inLanguage\":\"es\"},{\"@type\":\"Organization\",\"@id\":\"https:\\\/\\\/nancy-tunon.com\\\/es\\\/#organization\",\"name\":\"Nancy Tu\u00f1\u00f3n\",\"url\":\"https:\\\/\\\/nancy-tunon.com\\\/es\\\/\",\"logo\":{\"@type\":\"ImageObject\",\"inLanguage\":\"es\",\"@id\":\"https:\\\/\\\/nancy-tunon.com\\\/es\\\/#\\\/schema\\\/logo\\\/image\\\/\",\"url\":\"http:\\\/\\\/nancy-tunon.com\\\/wp-content\\\/uploads\\\/2024\\\/01\\\/nancy-t-footer-svg.svg\",\"contentUrl\":\"http:\\\/\\\/nancy-tunon.com\\\/wp-content\\\/uploads\\\/2024\\\/01\\\/nancy-t-footer-svg.svg\",\"width\":906,\"height\":431,\"caption\":\"Nancy Tu\u00f1\u00f3n\"},\"image\":{\"@id\":\"https:\\\/\\\/nancy-tunon.com\\\/es\\\/#\\\/schema\\\/logo\\\/image\\\/\"},\"sameAs\":[\"https:\\\/\\\/www.facebook.com\\\/nancytunon\",\"https:\\\/\\\/www.tiktok.com\\\/@escolanancytunon\"]}]}<\/script>\n<!-- \/ Yoast SEO plugin. -->","yoast_head_json":{"title":"Rakel Mar\u00edn Ezpeleta - Nancy Tu\u00f1\u00f3n","robots":{"index":"index","follow":"follow","max-snippet":"max-snippet:-1","max-image-preview":"max-image-preview:large","max-video-preview":"max-video-preview:-1"},"canonical":"https:\/\/nancy-tunon.com\/es\/el-profesorado\/rakel-marin-ezpeleta\/","og_locale":"es_ES","og_type":"article","og_title":"Rakel Mar\u00edn Ezpeleta - Nancy Tu\u00f1\u00f3n","og_description":"Actriz y cantante profesional en activo. Licenciada en Historia del Arte por la UPV\/EHU y doctorada en Estudios Teatrales por la UAB. Diplomada en t\u00e9cnica Meisner por Javier Galit\u00f3-Cava y en comedia musical por Coco Com\u00edn, formaci\u00f3n en la que conoce a la profesora Raquel Carballo y se introduce con ella en el mundo de [&hellip;]","og_url":"https:\/\/nancy-tunon.com\/es\/el-profesorado\/rakel-marin-ezpeleta\/","og_site_name":"Nancy Tu\u00f1\u00f3n","article_publisher":"https:\/\/www.facebook.com\/nancytunon","article_modified_time":"2024-04-22T23:00:18+00:00","og_image":[{"url":"http:\/\/nancy-tunon.com\/wp-content\/uploads\/2024\/04\/RAKEL-MARIN-EZPELETA-684x1024.jpg","type":"","width":"","height":""}],"twitter_card":"summary_large_image","twitter_misc":{"Tiempo de lectura":"1 minuto"},"schema":{"@context":"https:\/\/schema.org","@graph":[{"@type":"WebPage","@id":"https:\/\/nancy-tunon.com\/es\/el-profesorado\/rakel-marin-ezpeleta\/","url":"https:\/\/nancy-tunon.com\/es\/el-profesorado\/rakel-marin-ezpeleta\/","name":"Rakel Mar\u00edn Ezpeleta - Nancy Tu\u00f1\u00f3n","isPartOf":{"@id":"https:\/\/nancy-tunon.com\/es\/#website"},"primaryImageOfPage":{"@id":"https:\/\/nancy-tunon.com\/es\/el-profesorado\/rakel-marin-ezpeleta\/#primaryimage"},"image":{"@id":"https:\/\/nancy-tunon.com\/es\/el-profesorado\/rakel-marin-ezpeleta\/#primaryimage"},"thumbnailUrl":"http:\/\/nancy-tunon.com\/wp-content\/uploads\/2024\/04\/RAKEL-MARIN-EZPELETA-684x1024.jpg","datePublished":"2024-04-22T22:58:23+00:00","dateModified":"2024-04-22T23:00:18+00:00","breadcrumb":{"@id":"https:\/\/nancy-tunon.com\/es\/el-profesorado\/rakel-marin-ezpeleta\/#breadcrumb"},"inLanguage":"es","potentialAction":[{"@type":"ReadAction","target":["https:\/\/nancy-tunon.com\/es\/el-profesorado\/rakel-marin-ezpeleta\/"]}]},{"@type":"ImageObject","inLanguage":"es","@id":"https:\/\/nancy-tunon.com\/es\/el-profesorado\/rakel-marin-ezpeleta\/#primaryimage","url":"http:\/\/nancy-tunon.com\/wp-content\/uploads\/2024\/04\/RAKEL-MARIN-EZPELETA-684x1024.jpg","contentUrl":"http:\/\/nancy-tunon.com\/wp-content\/uploads\/2024\/04\/RAKEL-MARIN-EZPELETA-684x1024.jpg"},{"@type":"BreadcrumbList","@id":"https:\/\/nancy-tunon.com\/es\/el-profesorado\/rakel-marin-ezpeleta\/#breadcrumb","itemListElement":[{"@type":"ListItem","position":1,"name":"Portada","item":"https:\/\/nancy-tunon.com\/es\/nancy-tunon-escuela-de-teatro-en-barcelona\/"},{"@type":"ListItem","position":2,"name":"El profesorado","item":"https:\/\/nancy-tunon.com\/es\/el-professorat\/"},{"@type":"ListItem","position":3,"name":"Rakel Mar\u00edn Ezpeleta"}]},{"@type":"WebSite","@id":"https:\/\/nancy-tunon.com\/es\/#website","url":"https:\/\/nancy-tunon.com\/es\/","name":"Nancy Tu\u00f1\u00f3n","description":"Escuela de actores en Barcelona","publisher":{"@id":"https:\/\/nancy-tunon.com\/es\/#organization"},"alternateName":"Nancy Tunon","potentialAction":[{"@type":"SearchAction","target":{"@type":"EntryPoint","urlTemplate":"https:\/\/nancy-tunon.com\/es\/?s={search_term_string}"},"query-input":{"@type":"PropertyValueSpecification","valueRequired":true,"valueName":"search_term_string"}}],"inLanguage":"es"},{"@type":"Organization","@id":"https:\/\/nancy-tunon.com\/es\/#organization","name":"Nancy Tu\u00f1\u00f3n","url":"https:\/\/nancy-tunon.com\/es\/","logo":{"@type":"ImageObject","inLanguage":"es","@id":"https:\/\/nancy-tunon.com\/es\/#\/schema\/logo\/image\/","url":"http:\/\/nancy-tunon.com\/wp-content\/uploads\/2024\/01\/nancy-t-footer-svg.svg","contentUrl":"http:\/\/nancy-tunon.com\/wp-content\/uploads\/2024\/01\/nancy-t-footer-svg.svg","width":906,"height":431,"caption":"Nancy Tu\u00f1\u00f3n"},"image":{"@id":"https:\/\/nancy-tunon.com\/es\/#\/schema\/logo\/image\/"},"sameAs":["https:\/\/www.facebook.com\/nancytunon","https:\/\/www.tiktok.com\/@escolanancytunon"]}]}},"_links":{"self":[{"href":"https:\/\/nancy-tunon.com\/es\/wp-json\/wp\/v2\/pages\/2842","targetHints":{"allow":["GET"]}}],"collection":[{"href":"https:\/\/nancy-tunon.com\/es\/wp-json\/wp\/v2\/pages"}],"about":[{"href":"https:\/\/nancy-tunon.com\/es\/wp-json\/wp\/v2\/types\/page"}],"author":[{"embeddable":true,"href":"https:\/\/nancy-tunon.com\/es\/wp-json\/wp\/v2\/users\/3"}],"replies":[{"embeddable":true,"href":"https:\/\/nancy-tunon.com\/es\/wp-json\/wp\/v2\/comments?post=2842"}],"version-history":[{"count":0,"href":"https:\/\/nancy-tunon.com\/es\/wp-json\/wp\/v2\/pages\/2842\/revisions"}],"up":[{"embeddable":true,"href":"https:\/\/nancy-tunon.com\/es\/wp-json\/wp\/v2\/pages\/2094"}],"wp:attachment":[{"href":"https:\/\/nancy-tunon.com\/es\/wp-json\/wp\/v2\/media?parent=2842"}],"curies":[{"name":"wp","href":"https:\/\/api.w.org\/{rel}","templated":true}]}}