{"id":2790,"date":"2024-04-23T00:36:17","date_gmt":"2024-04-22T22:36:17","guid":{"rendered":"http:\/\/nancy-tunon.com\/el-profesorado\/jordi-oliver\/"},"modified":"2024-12-09T21:04:56","modified_gmt":"2024-12-09T19:04:56","slug":"jordi-oliver","status":"publish","type":"page","link":"https:\/\/nancy-tunon.com\/es\/el-profesorado\/jordi-oliver\/","title":{"rendered":"Jordi Oliver"},"content":{"rendered":"\t\t<div data-elementor-type=\"wp-page\" data-elementor-id=\"2790\" class=\"elementor elementor-2790 elementor-2784\" data-elementor-post-type=\"page\">\n\t\t\t\t<div class=\"elementor-element elementor-element-3a886e91 e-con-full e-flex e-con e-parent\" data-id=\"3a886e91\" data-element_type=\"container\" data-e-type=\"container\">\n\t\t\t\t<div class=\"elementor-element elementor-element-5958b105 elementor-widget elementor-widget-template\" data-id=\"5958b105\" data-element_type=\"widget\" data-e-type=\"widget\" data-widget_type=\"template.default\">\n\t\t\t\t<div class=\"elementor-widget-container\">\n\t\t\t\t\t\t\t<div class=\"elementor-template\">\n\t\t\t\t\t<div data-elementor-type=\"container\" data-elementor-id=\"2630\" class=\"elementor elementor-2630 elementor-2628 elementor-2628\" data-elementor-post-type=\"elementor_library\">\n\t\t\t\t<div class=\"elementor-element elementor-element-10263ea4 e-flex e-con-boxed e-con e-parent\" data-id=\"10263ea4\" data-element_type=\"container\" data-e-type=\"container\" data-settings=\"{&quot;background_background&quot;:&quot;classic&quot;}\">\n\t\t\t\t\t<div class=\"e-con-inner\">\n\t\t\t\t<div class=\"elementor-element elementor-element-5e24f1f1 elementor-widget__width-inherit elementor-widget elementor-widget-heading\" data-id=\"5e24f1f1\" data-element_type=\"widget\" data-e-type=\"widget\" data-widget_type=\"heading.default\">\n\t\t\t\t<div class=\"elementor-widget-container\">\n\t\t\t\t\t<h2 class=\"elementor-heading-title elementor-size-default\">El profesorado<\/h2>\t\t\t\t<\/div>\n\t\t\t\t<\/div>\n\t\t\t\t<div class=\"elementor-element elementor-element-a307cb2 profesor-individual-titulo elementor-widget elementor-widget-heading\" data-id=\"a307cb2\" data-element_type=\"widget\" data-e-type=\"widget\" data-widget_type=\"heading.default\">\n\t\t\t\t<div class=\"elementor-widget-container\">\n\t\t\t\t\t<h1 class=\"elementor-heading-title elementor-size-default\">Jordi Oliver<\/h1>\t\t\t\t<\/div>\n\t\t\t\t<\/div>\n\t\t\t\t\t<\/div>\n\t\t\t\t<\/div>\n\t\t\t\t<\/div>\n\t\t\t\t<\/div>\n\t\t\t\t\t\t<\/div>\n\t\t\t\t<\/div>\n\t\t\t\t<\/div>\n\t\t<div class=\"elementor-element elementor-element-5d938204 e-flex e-con-boxed e-con e-parent\" data-id=\"5d938204\" data-element_type=\"container\" data-e-type=\"container\">\n\t\t\t\t\t<div class=\"e-con-inner\">\n\t\t\t\t<div class=\"elementor-element elementor-element-fc31069 elementor-widget__width-initial elementor-widget-mobile__width-inherit elementor-widget elementor-widget-image\" data-id=\"fc31069\" data-element_type=\"widget\" data-e-type=\"widget\" data-widget_type=\"image.default\">\n\t\t\t\t<div class=\"elementor-widget-container\">\n\t\t\t\t\t\t\t\t\t\t\t\t\t\t\t<img fetchpriority=\"high\" decoding=\"async\" width=\"800\" height=\"1000\" src=\"https:\/\/nancy-tunon.com\/wp-content\/uploads\/2024\/10\/65ebcb1e-2961-4f6a-bf7e-66bf83b5d462-819x1024.jpg\" class=\"attachment-large size-large wp-image-3517\" alt=\"\" srcset=\"https:\/\/nancy-tunon.com\/wp-content\/uploads\/2024\/10\/65ebcb1e-2961-4f6a-bf7e-66bf83b5d462-819x1024.jpg 819w, https:\/\/nancy-tunon.com\/wp-content\/uploads\/2024\/10\/65ebcb1e-2961-4f6a-bf7e-66bf83b5d462-240x300.jpg 240w, https:\/\/nancy-tunon.com\/wp-content\/uploads\/2024\/10\/65ebcb1e-2961-4f6a-bf7e-66bf83b5d462-768x960.jpg 768w, https:\/\/nancy-tunon.com\/wp-content\/uploads\/2024\/10\/65ebcb1e-2961-4f6a-bf7e-66bf83b5d462-1228x1536.jpg 1228w, https:\/\/nancy-tunon.com\/wp-content\/uploads\/2024\/10\/65ebcb1e-2961-4f6a-bf7e-66bf83b5d462-1638x2048.jpg 1638w, https:\/\/nancy-tunon.com\/wp-content\/uploads\/2024\/10\/65ebcb1e-2961-4f6a-bf7e-66bf83b5d462-scaled.jpg 2047w\" sizes=\"(max-width: 800px) 100vw, 800px\" \/>\t\t\t\t\t\t\t\t\t\t\t\t\t\t\t<\/div>\n\t\t\t\t<\/div>\n\t\t\t\t<div class=\"elementor-element elementor-element-74cdb4fa elementor-widget__width-initial elementor-widget-mobile__width-inherit elementor-widget elementor-widget-text-editor\" data-id=\"74cdb4fa\" data-element_type=\"widget\" data-e-type=\"widget\" data-widget_type=\"text-editor.default\">\n\t\t\t\t<div class=\"elementor-widget-container\">\n\t\t\t\t\t\t\t\t\t<p class=\"p1\"><span class=\"s1\">Licenciado en Filosof\u00eda y en Farmacia por la Universidad de Barcelona, \u200b\u200bse forma como actor durante cinco a\u00f1os con Nancy Tu\u00f1\u00f3n y cursa estudios de Direcci\u00f3n y Cr\u00edtica Teatral en el Institut del Teatre.<\/span><\/p>\n<p class=\"p1\"><span class=\"s1\">Desde 1986 es codirector la Escuela de Actores Nancy Tu\u00f1\u00f3n &#8211; Jordi Oliver, e imparte clases de interpretaci\u00f3n esc\u00e9nica.<\/span><\/p>\n<p class=\"p1\"><span class=\"s1\">Ha sido, hasta 2015, el responsable de los talleres de tercer curso y de las Muestras finales del Plan de Formaci\u00f3n de la Escuela, donde ha llevado a escena m\u00e1s de treinta obras, entre las que destacan:<\/span><\/p>\n<p class=\"p1\"><span class=\"s1\">&#8211; <i>El Zoo de cristal<\/i> de Tennessee Williams<br \/>&#8211; <i>Sue\u00f1o de una noche<\/i> de verano de William Shakespeare<br \/>&#8211; <i>La importancia de ser Frank<\/i> de Oscar Wilde<br \/>&#8211; <i>Las criadas<\/i> de Jean Genet<br \/>&#8211; <i>Traici\u00f3n y Viejos tiempos<\/i> de Harold Pinter<br \/>&#8211; <i>Una mentira de la mente<\/i> de Sam Shepard<br \/>&#8211; <i>American Buffalo y Variaciones sobre el pato<\/i> de David Mamet<br \/>&#8211; <i>Despu\u00e9s de la lluvia<\/i> de Sergi Belbel<br \/>&#8211; <i>Unas polaroids expl\u00edcitas<\/i> de Mark Ravenhill<br \/>&#8211; <i>Central Park West<\/i> de Woody Allen<br \/>&#8211; <i>La Ronda<\/i> de Arthur Schnitzler<br \/>&#8211; <i>El tiempo y los Conway<\/i> de JB Priestley<br \/>&#8211; <i>La noche de los asesinos<\/i> de Jos\u00e9 Triana<br \/>&#8211; <i>Cr\u00edmenes del coraz\u00f3n<\/i> de Beth Henley<br \/>&#8211; <i>Peces de colores<\/i> de Jean Anouilh<br \/>&#8211; <i>Danza de agosto<\/i> de Brian Frield<br \/>&#8211; <i>La mujer de antes<\/i> de Ronald Schimmlpfening<br \/>&#8211; <i>La cacer\u00eda del pato<\/i> de Alexandr V. Vampilov<br \/>&#8211; <i>Estrellas de un cielo de madrugada<\/i> de Alexandr Galine<\/span><\/p>\n<p class=\"p1\"><span class=\"s1\">El curso 2015-16 deja la direcci\u00f3n de los talleres del tercer curso para centrarse en las clases de interpretaci\u00f3n esc\u00e9nica del segundo curso del Plan de Formaci\u00f3n del Actor.  <\/span><\/p>\n<p class=\"p2\"><span class=\"s1\">Actualmente sigue dirigiendo la Escuela de Actores Nancy Tu\u00f1\u00f3n \u00b7 Jordi Oliver.<br \/><\/span><\/p>\n\t\t\t\t\t\t\t\t<\/div>\n\t\t\t\t<\/div>\n\t\t\t\t\t<\/div>\n\t\t\t\t<\/div>\n\t\t<div class=\"elementor-element elementor-element-255f5c27 e-flex e-con-boxed e-con e-parent\" data-id=\"255f5c27\" data-element_type=\"container\" data-e-type=\"container\">\n\t\t\t\t\t<div class=\"e-con-inner\">\n\t\t\t\t<div class=\"elementor-element elementor-element-65d69463 elementor-widget elementor-widget-template\" data-id=\"65d69463\" data-element_type=\"widget\" data-e-type=\"widget\" data-widget_type=\"template.default\">\n\t\t\t\t<div class=\"elementor-widget-container\">\n\t\t\t\t\t\t\t<div class=\"elementor-template\">\n\t\t\t\t\t<div data-elementor-type=\"container\" data-elementor-id=\"2634\" class=\"elementor elementor-2634 elementor-2632 elementor-2632\" data-elementor-post-type=\"elementor_library\">\n\t\t\t\t<div class=\"elementor-element elementor-element-321707bb e-flex e-con-boxed e-con e-parent\" data-id=\"321707bb\" data-element_type=\"container\" data-e-type=\"container\">\n\t\t\t\t\t<div class=\"e-con-inner\">\n\t\t\t\t<div class=\"elementor-element elementor-element-583132d2 elementor-align-center elementor-widget elementor-widget-button\" data-id=\"583132d2\" data-element_type=\"widget\" data-e-type=\"widget\" data-widget_type=\"button.default\">\n\t\t\t\t<div class=\"elementor-widget-container\">\n\t\t\t\t\t\t\t\t\t<div class=\"elementor-button-wrapper\">\n\t\t\t\t\t<a class=\"elementor-button elementor-button-link elementor-size-sm\" href=\"https:\/\/nancy-tunon.com\/es\/el-profesorado\/\">\n\t\t\t\t\t\t<span class=\"elementor-button-content-wrapper\">\n\t\t\t\t\t\t\t\t\t<span class=\"elementor-button-text\">Volver a profesorado<\/span>\n\t\t\t\t\t<\/span>\n\t\t\t\t\t<\/a>\n\t\t\t\t<\/div>\n\t\t\t\t\t\t\t\t<\/div>\n\t\t\t\t<\/div>\n\t\t\t\t\t<\/div>\n\t\t\t\t<\/div>\n\t\t\t\t<\/div>\n\t\t\t\t<\/div>\n\t\t\t\t\t\t<\/div>\n\t\t\t\t<\/div>\n\t\t\t\t\t<\/div>\n\t\t\t\t<\/div>\n\t\t\t\t<\/div>\n\t\t","protected":false},"excerpt":{"rendered":"<p>Licenciado en Filosof\u00eda y en Farmacia por la Universidad de Barcelona, \u200b\u200bse forma como actor durante cinco a\u00f1os con Nancy Tu\u00f1\u00f3n y cursa estudios de Direcci\u00f3n y Cr\u00edtica Teatral en el Institut del Teatre. Desde 1986 es codirector la Escuela de Actores Nancy Tu\u00f1\u00f3n &#8211; Jordi Oliver, e imparte clases de interpretaci\u00f3n esc\u00e9nica. Ha sido, [&hellip;]<\/p>\n","protected":false},"author":3,"featured_media":0,"parent":2094,"menu_order":0,"comment_status":"closed","ping_status":"closed","template":"","meta":{"_acf_changed":false,"inline_featured_image":false,"footnotes":""},"class_list":["post-2790","page","type-page","status-publish","hentry"],"acf":[],"yoast_head":"<!-- This site is optimized with the Yoast SEO plugin v27.3 - https:\/\/yoast.com\/product\/yoast-seo-wordpress\/ -->\n<title>Jordi Oliver - Nancy Tu\u00f1\u00f3n<\/title>\n<meta name=\"robots\" content=\"index, follow, max-snippet:-1, max-image-preview:large, max-video-preview:-1\" \/>\n<link rel=\"canonical\" href=\"https:\/\/nancy-tunon.com\/es\/el-profesorado\/jordi-oliver\/\" \/>\n<meta property=\"og:locale\" content=\"es_ES\" \/>\n<meta property=\"og:type\" content=\"article\" \/>\n<meta property=\"og:title\" content=\"Jordi Oliver - Nancy Tu\u00f1\u00f3n\" \/>\n<meta property=\"og:description\" content=\"Licenciado en Filosof\u00eda y en Farmacia por la Universidad de Barcelona, \u200b\u200bse forma como actor durante cinco a\u00f1os con Nancy Tu\u00f1\u00f3n y cursa estudios de Direcci\u00f3n y Cr\u00edtica Teatral en el Institut del Teatre. Desde 1986 es codirector la Escuela de Actores Nancy Tu\u00f1\u00f3n &#8211; Jordi Oliver, e imparte clases de interpretaci\u00f3n esc\u00e9nica. Ha sido, [&hellip;]\" \/>\n<meta property=\"og:url\" content=\"https:\/\/nancy-tunon.com\/es\/el-profesorado\/jordi-oliver\/\" \/>\n<meta property=\"og:site_name\" content=\"Nancy Tu\u00f1\u00f3n\" \/>\n<meta property=\"article:publisher\" content=\"https:\/\/www.facebook.com\/nancytunon\" \/>\n<meta property=\"article:modified_time\" content=\"2024-12-09T19:04:56+00:00\" \/>\n<meta property=\"og:image\" content=\"http:\/\/nancy-tunon.com\/wp-content\/uploads\/2024\/10\/65ebcb1e-2961-4f6a-bf7e-66bf83b5d462-819x1024.jpg\" \/>\n<meta name=\"twitter:card\" content=\"summary_large_image\" \/>\n<meta name=\"twitter:label1\" content=\"Tiempo de lectura\" \/>\n\t<meta name=\"twitter:data1\" content=\"2 minutos\" \/>\n<script type=\"application\/ld+json\" class=\"yoast-schema-graph\">{\"@context\":\"https:\\\/\\\/schema.org\",\"@graph\":[{\"@type\":\"WebPage\",\"@id\":\"https:\\\/\\\/nancy-tunon.com\\\/es\\\/el-profesorado\\\/jordi-oliver\\\/\",\"url\":\"https:\\\/\\\/nancy-tunon.com\\\/es\\\/el-profesorado\\\/jordi-oliver\\\/\",\"name\":\"Jordi Oliver - Nancy Tu\u00f1\u00f3n\",\"isPartOf\":{\"@id\":\"https:\\\/\\\/nancy-tunon.com\\\/es\\\/#website\"},\"primaryImageOfPage\":{\"@id\":\"https:\\\/\\\/nancy-tunon.com\\\/es\\\/el-profesorado\\\/jordi-oliver\\\/#primaryimage\"},\"image\":{\"@id\":\"https:\\\/\\\/nancy-tunon.com\\\/es\\\/el-profesorado\\\/jordi-oliver\\\/#primaryimage\"},\"thumbnailUrl\":\"http:\\\/\\\/nancy-tunon.com\\\/wp-content\\\/uploads\\\/2024\\\/10\\\/65ebcb1e-2961-4f6a-bf7e-66bf83b5d462-819x1024.jpg\",\"datePublished\":\"2024-04-22T22:36:17+00:00\",\"dateModified\":\"2024-12-09T19:04:56+00:00\",\"breadcrumb\":{\"@id\":\"https:\\\/\\\/nancy-tunon.com\\\/es\\\/el-profesorado\\\/jordi-oliver\\\/#breadcrumb\"},\"inLanguage\":\"es\",\"potentialAction\":[{\"@type\":\"ReadAction\",\"target\":[\"https:\\\/\\\/nancy-tunon.com\\\/es\\\/el-profesorado\\\/jordi-oliver\\\/\"]}]},{\"@type\":\"ImageObject\",\"inLanguage\":\"es\",\"@id\":\"https:\\\/\\\/nancy-tunon.com\\\/es\\\/el-profesorado\\\/jordi-oliver\\\/#primaryimage\",\"url\":\"http:\\\/\\\/nancy-tunon.com\\\/wp-content\\\/uploads\\\/2024\\\/10\\\/65ebcb1e-2961-4f6a-bf7e-66bf83b5d462-819x1024.jpg\",\"contentUrl\":\"http:\\\/\\\/nancy-tunon.com\\\/wp-content\\\/uploads\\\/2024\\\/10\\\/65ebcb1e-2961-4f6a-bf7e-66bf83b5d462-819x1024.jpg\"},{\"@type\":\"BreadcrumbList\",\"@id\":\"https:\\\/\\\/nancy-tunon.com\\\/es\\\/el-profesorado\\\/jordi-oliver\\\/#breadcrumb\",\"itemListElement\":[{\"@type\":\"ListItem\",\"position\":1,\"name\":\"Portada\",\"item\":\"https:\\\/\\\/nancy-tunon.com\\\/es\\\/nancy-tunon-escuela-de-teatro-en-barcelona\\\/\"},{\"@type\":\"ListItem\",\"position\":2,\"name\":\"El profesorado\",\"item\":\"https:\\\/\\\/nancy-tunon.com\\\/es\\\/el-professorat\\\/\"},{\"@type\":\"ListItem\",\"position\":3,\"name\":\"Jordi Oliver\"}]},{\"@type\":\"WebSite\",\"@id\":\"https:\\\/\\\/nancy-tunon.com\\\/es\\\/#website\",\"url\":\"https:\\\/\\\/nancy-tunon.com\\\/es\\\/\",\"name\":\"Nancy Tu\u00f1\u00f3n\",\"description\":\"Escuela de actores en Barcelona\",\"publisher\":{\"@id\":\"https:\\\/\\\/nancy-tunon.com\\\/es\\\/#organization\"},\"alternateName\":\"Nancy Tunon\",\"potentialAction\":[{\"@type\":\"SearchAction\",\"target\":{\"@type\":\"EntryPoint\",\"urlTemplate\":\"https:\\\/\\\/nancy-tunon.com\\\/es\\\/?s={search_term_string}\"},\"query-input\":{\"@type\":\"PropertyValueSpecification\",\"valueRequired\":true,\"valueName\":\"search_term_string\"}}],\"inLanguage\":\"es\"},{\"@type\":\"Organization\",\"@id\":\"https:\\\/\\\/nancy-tunon.com\\\/es\\\/#organization\",\"name\":\"Nancy Tu\u00f1\u00f3n\",\"url\":\"https:\\\/\\\/nancy-tunon.com\\\/es\\\/\",\"logo\":{\"@type\":\"ImageObject\",\"inLanguage\":\"es\",\"@id\":\"https:\\\/\\\/nancy-tunon.com\\\/es\\\/#\\\/schema\\\/logo\\\/image\\\/\",\"url\":\"http:\\\/\\\/nancy-tunon.com\\\/wp-content\\\/uploads\\\/2024\\\/01\\\/nancy-t-footer-svg.svg\",\"contentUrl\":\"http:\\\/\\\/nancy-tunon.com\\\/wp-content\\\/uploads\\\/2024\\\/01\\\/nancy-t-footer-svg.svg\",\"width\":906,\"height\":431,\"caption\":\"Nancy Tu\u00f1\u00f3n\"},\"image\":{\"@id\":\"https:\\\/\\\/nancy-tunon.com\\\/es\\\/#\\\/schema\\\/logo\\\/image\\\/\"},\"sameAs\":[\"https:\\\/\\\/www.facebook.com\\\/nancytunon\",\"https:\\\/\\\/www.tiktok.com\\\/@escolanancytunon\"]}]}<\/script>\n<!-- \/ Yoast SEO plugin. -->","yoast_head_json":{"title":"Jordi Oliver - Nancy Tu\u00f1\u00f3n","robots":{"index":"index","follow":"follow","max-snippet":"max-snippet:-1","max-image-preview":"max-image-preview:large","max-video-preview":"max-video-preview:-1"},"canonical":"https:\/\/nancy-tunon.com\/es\/el-profesorado\/jordi-oliver\/","og_locale":"es_ES","og_type":"article","og_title":"Jordi Oliver - Nancy Tu\u00f1\u00f3n","og_description":"Licenciado en Filosof\u00eda y en Farmacia por la Universidad de Barcelona, \u200b\u200bse forma como actor durante cinco a\u00f1os con Nancy Tu\u00f1\u00f3n y cursa estudios de Direcci\u00f3n y Cr\u00edtica Teatral en el Institut del Teatre. Desde 1986 es codirector la Escuela de Actores Nancy Tu\u00f1\u00f3n &#8211; Jordi Oliver, e imparte clases de interpretaci\u00f3n esc\u00e9nica. Ha sido, [&hellip;]","og_url":"https:\/\/nancy-tunon.com\/es\/el-profesorado\/jordi-oliver\/","og_site_name":"Nancy Tu\u00f1\u00f3n","article_publisher":"https:\/\/www.facebook.com\/nancytunon","article_modified_time":"2024-12-09T19:04:56+00:00","og_image":[{"url":"http:\/\/nancy-tunon.com\/wp-content\/uploads\/2024\/10\/65ebcb1e-2961-4f6a-bf7e-66bf83b5d462-819x1024.jpg","type":"","width":"","height":""}],"twitter_card":"summary_large_image","twitter_misc":{"Tiempo de lectura":"2 minutos"},"schema":{"@context":"https:\/\/schema.org","@graph":[{"@type":"WebPage","@id":"https:\/\/nancy-tunon.com\/es\/el-profesorado\/jordi-oliver\/","url":"https:\/\/nancy-tunon.com\/es\/el-profesorado\/jordi-oliver\/","name":"Jordi Oliver - Nancy Tu\u00f1\u00f3n","isPartOf":{"@id":"https:\/\/nancy-tunon.com\/es\/#website"},"primaryImageOfPage":{"@id":"https:\/\/nancy-tunon.com\/es\/el-profesorado\/jordi-oliver\/#primaryimage"},"image":{"@id":"https:\/\/nancy-tunon.com\/es\/el-profesorado\/jordi-oliver\/#primaryimage"},"thumbnailUrl":"http:\/\/nancy-tunon.com\/wp-content\/uploads\/2024\/10\/65ebcb1e-2961-4f6a-bf7e-66bf83b5d462-819x1024.jpg","datePublished":"2024-04-22T22:36:17+00:00","dateModified":"2024-12-09T19:04:56+00:00","breadcrumb":{"@id":"https:\/\/nancy-tunon.com\/es\/el-profesorado\/jordi-oliver\/#breadcrumb"},"inLanguage":"es","potentialAction":[{"@type":"ReadAction","target":["https:\/\/nancy-tunon.com\/es\/el-profesorado\/jordi-oliver\/"]}]},{"@type":"ImageObject","inLanguage":"es","@id":"https:\/\/nancy-tunon.com\/es\/el-profesorado\/jordi-oliver\/#primaryimage","url":"http:\/\/nancy-tunon.com\/wp-content\/uploads\/2024\/10\/65ebcb1e-2961-4f6a-bf7e-66bf83b5d462-819x1024.jpg","contentUrl":"http:\/\/nancy-tunon.com\/wp-content\/uploads\/2024\/10\/65ebcb1e-2961-4f6a-bf7e-66bf83b5d462-819x1024.jpg"},{"@type":"BreadcrumbList","@id":"https:\/\/nancy-tunon.com\/es\/el-profesorado\/jordi-oliver\/#breadcrumb","itemListElement":[{"@type":"ListItem","position":1,"name":"Portada","item":"https:\/\/nancy-tunon.com\/es\/nancy-tunon-escuela-de-teatro-en-barcelona\/"},{"@type":"ListItem","position":2,"name":"El profesorado","item":"https:\/\/nancy-tunon.com\/es\/el-professorat\/"},{"@type":"ListItem","position":3,"name":"Jordi Oliver"}]},{"@type":"WebSite","@id":"https:\/\/nancy-tunon.com\/es\/#website","url":"https:\/\/nancy-tunon.com\/es\/","name":"Nancy Tu\u00f1\u00f3n","description":"Escuela de actores en Barcelona","publisher":{"@id":"https:\/\/nancy-tunon.com\/es\/#organization"},"alternateName":"Nancy Tunon","potentialAction":[{"@type":"SearchAction","target":{"@type":"EntryPoint","urlTemplate":"https:\/\/nancy-tunon.com\/es\/?s={search_term_string}"},"query-input":{"@type":"PropertyValueSpecification","valueRequired":true,"valueName":"search_term_string"}}],"inLanguage":"es"},{"@type":"Organization","@id":"https:\/\/nancy-tunon.com\/es\/#organization","name":"Nancy Tu\u00f1\u00f3n","url":"https:\/\/nancy-tunon.com\/es\/","logo":{"@type":"ImageObject","inLanguage":"es","@id":"https:\/\/nancy-tunon.com\/es\/#\/schema\/logo\/image\/","url":"http:\/\/nancy-tunon.com\/wp-content\/uploads\/2024\/01\/nancy-t-footer-svg.svg","contentUrl":"http:\/\/nancy-tunon.com\/wp-content\/uploads\/2024\/01\/nancy-t-footer-svg.svg","width":906,"height":431,"caption":"Nancy Tu\u00f1\u00f3n"},"image":{"@id":"https:\/\/nancy-tunon.com\/es\/#\/schema\/logo\/image\/"},"sameAs":["https:\/\/www.facebook.com\/nancytunon","https:\/\/www.tiktok.com\/@escolanancytunon"]}]}},"_links":{"self":[{"href":"https:\/\/nancy-tunon.com\/es\/wp-json\/wp\/v2\/pages\/2790","targetHints":{"allow":["GET"]}}],"collection":[{"href":"https:\/\/nancy-tunon.com\/es\/wp-json\/wp\/v2\/pages"}],"about":[{"href":"https:\/\/nancy-tunon.com\/es\/wp-json\/wp\/v2\/types\/page"}],"author":[{"embeddable":true,"href":"https:\/\/nancy-tunon.com\/es\/wp-json\/wp\/v2\/users\/3"}],"replies":[{"embeddable":true,"href":"https:\/\/nancy-tunon.com\/es\/wp-json\/wp\/v2\/comments?post=2790"}],"version-history":[{"count":0,"href":"https:\/\/nancy-tunon.com\/es\/wp-json\/wp\/v2\/pages\/2790\/revisions"}],"up":[{"embeddable":true,"href":"https:\/\/nancy-tunon.com\/es\/wp-json\/wp\/v2\/pages\/2094"}],"wp:attachment":[{"href":"https:\/\/nancy-tunon.com\/es\/wp-json\/wp\/v2\/media?parent=2790"}],"curies":[{"name":"wp","href":"https:\/\/api.w.org\/{rel}","templated":true}]}}