{"id":2708,"date":"2024-04-22T20:21:54","date_gmt":"2024-04-22T18:21:54","guid":{"rendered":"http:\/\/nancy-tunon.com\/el-profesorado\/carmela-poch\/"},"modified":"2025-01-09T18:55:51","modified_gmt":"2025-01-09T16:55:51","slug":"carmela-poch","status":"publish","type":"page","link":"https:\/\/nancy-tunon.com\/es\/el-profesorado\/carmela-poch\/","title":{"rendered":"Carmela Poch"},"content":{"rendered":"\t\t<div data-elementor-type=\"wp-page\" data-elementor-id=\"2708\" class=\"elementor elementor-2708 elementor-2702\" data-elementor-post-type=\"page\">\n\t\t\t\t<div class=\"elementor-element elementor-element-1665d057 e-con-full e-flex e-con e-parent\" data-id=\"1665d057\" data-element_type=\"container\" data-e-type=\"container\">\n\t\t\t\t<div class=\"elementor-element elementor-element-5d54d58a elementor-widget elementor-widget-template\" data-id=\"5d54d58a\" data-element_type=\"widget\" data-e-type=\"widget\" data-widget_type=\"template.default\">\n\t\t\t\t<div class=\"elementor-widget-container\">\n\t\t\t\t\t\t\t<div class=\"elementor-template\">\n\t\t\t\t\t<div data-elementor-type=\"container\" data-elementor-id=\"2630\" class=\"elementor elementor-2630 elementor-2628 elementor-2628\" data-elementor-post-type=\"elementor_library\">\n\t\t\t\t<div class=\"elementor-element elementor-element-10263ea4 e-flex e-con-boxed e-con e-parent\" data-id=\"10263ea4\" data-element_type=\"container\" data-e-type=\"container\" data-settings=\"{&quot;background_background&quot;:&quot;classic&quot;}\">\n\t\t\t\t\t<div class=\"e-con-inner\">\n\t\t\t\t<div class=\"elementor-element elementor-element-5e24f1f1 elementor-widget__width-inherit elementor-widget elementor-widget-heading\" data-id=\"5e24f1f1\" data-element_type=\"widget\" data-e-type=\"widget\" data-widget_type=\"heading.default\">\n\t\t\t\t<div class=\"elementor-widget-container\">\n\t\t\t\t\t<h2 class=\"elementor-heading-title elementor-size-default\">El profesorado<\/h2>\t\t\t\t<\/div>\n\t\t\t\t<\/div>\n\t\t\t\t<div class=\"elementor-element elementor-element-a307cb2 profesor-individual-titulo elementor-widget elementor-widget-heading\" data-id=\"a307cb2\" data-element_type=\"widget\" data-e-type=\"widget\" data-widget_type=\"heading.default\">\n\t\t\t\t<div class=\"elementor-widget-container\">\n\t\t\t\t\t<h1 class=\"elementor-heading-title elementor-size-default\">Carmela Poch<\/h1>\t\t\t\t<\/div>\n\t\t\t\t<\/div>\n\t\t\t\t\t<\/div>\n\t\t\t\t<\/div>\n\t\t\t\t<\/div>\n\t\t\t\t<\/div>\n\t\t\t\t\t\t<\/div>\n\t\t\t\t<\/div>\n\t\t\t\t<\/div>\n\t\t<div class=\"elementor-element elementor-element-7ec4c88b e-flex e-con-boxed e-con e-parent\" data-id=\"7ec4c88b\" data-element_type=\"container\" data-e-type=\"container\">\n\t\t\t\t\t<div class=\"e-con-inner\">\n\t\t\t\t<div class=\"elementor-element elementor-element-1ae0970b elementor-widget__width-initial elementor-widget-mobile__width-inherit elementor-widget elementor-widget-image\" data-id=\"1ae0970b\" data-element_type=\"widget\" data-e-type=\"widget\" data-widget_type=\"image.default\">\n\t\t\t\t<div class=\"elementor-widget-container\">\n\t\t\t\t\t\t\t\t\t\t\t\t\t\t\t<img fetchpriority=\"high\" decoding=\"async\" width=\"350\" height=\"467\" src=\"https:\/\/nancy-tunon.com\/wp-content\/uploads\/2024\/04\/Carmela-Poch_BN.jpg\" class=\"attachment-large size-large wp-image-1762\" alt=\"\" srcset=\"https:\/\/nancy-tunon.com\/wp-content\/uploads\/2024\/04\/Carmela-Poch_BN.jpg 350w, https:\/\/nancy-tunon.com\/wp-content\/uploads\/2024\/04\/Carmela-Poch_BN-225x300.jpg 225w\" sizes=\"(max-width: 350px) 100vw, 350px\" \/>\t\t\t\t\t\t\t\t\t\t\t\t\t\t\t<\/div>\n\t\t\t\t<\/div>\n\t\t\t\t<div class=\"elementor-element elementor-element-35f35a51 elementor-widget__width-initial elementor-widget-mobile__width-inherit elementor-widget elementor-widget-text-editor\" data-id=\"35f35a51\" data-element_type=\"widget\" data-e-type=\"widget\" data-widget_type=\"text-editor.default\">\n\t\t\t\t<div class=\"elementor-widget-container\">\n\t\t\t\t\t\t\t\t\t<p>Carmela Poch nace en Barcelona el 31 de agosto de 1978.<\/p><p>Termin\u00f3 sus estudios en Nancy Tu\u00f1\u00f3n i Jordi Oliver, Escola d\u2019actors en el a\u00f1o 2000. Continu\u00f3 su formaci\u00f3n en interpretaci\u00f3n, danza, danza-teatro y canto con profesores como Neil LaBute, Michael Attenborough, Javier Galit\u00f3-Cava, Carlota Subir\u00f3s, \u00a0Mercedes Boronat, Guillermo Ghio, Jordi Mesalles, Boris Rotenstein, Marc Mart\u00ednez o Jordi Frades, entre otros.<\/p><p>En teatro ha trabajado en compa\u00f1\u00edas como La Virguer\u00eda, La Peleona y en diversos proyectos dirigidos por Alex Ma\u00f1as, Mart\u00ed Torras, Iban Beltran y la finlandesa Sara Turunen entre otros.<\/p><p>En cine la podemos ver en <em>Aftersun<\/em> de Llu\u00eds Galter, <em>Les Perseides<\/em> d\u2019Alberto Dexeus y \u00c0nnia Gabarr\u00f3, <em>Quiero Lo Eterno<\/em> de Miguel \u00c1ngel Blanca, <em>G\u00e0bies d\u2019Or<\/em> d\u2019Antoni Ribas, <em>Joves<\/em> de Ramon Termens y Carles Torres.<\/p><p>En televisi\u00f3n la podemos ver en <em>T\u00fa tambi\u00e9n lo har\u00edas<\/em> (Disney+) y tambi\u00e9n la hemos visto en <em>Desaparecidos<\/em> (Amazon Prime), <em>Mar de Pl\u00e1stico<\/em> (Mediaset), <em>El Don de Alba<\/em> (Disney i Mediaset), <em>Homicidios <\/em>(Mediaset), <em>La Mari 2 <\/em>(TV3 i Canal Sur) y <em>Porca mis\u00e8ria <\/em>(TV3).<\/p>\t\t\t\t\t\t\t\t<\/div>\n\t\t\t\t<\/div>\n\t\t\t\t\t<\/div>\n\t\t\t\t<\/div>\n\t\t<div class=\"elementor-element elementor-element-2d3444c0 e-flex e-con-boxed e-con e-parent\" data-id=\"2d3444c0\" data-element_type=\"container\" data-e-type=\"container\">\n\t\t\t\t\t<div class=\"e-con-inner\">\n\t\t\t\t<div class=\"elementor-element elementor-element-7fabf9e9 elementor-widget elementor-widget-template\" data-id=\"7fabf9e9\" data-element_type=\"widget\" data-e-type=\"widget\" data-widget_type=\"template.default\">\n\t\t\t\t<div class=\"elementor-widget-container\">\n\t\t\t\t\t\t\t<div class=\"elementor-template\">\n\t\t\t\t\t<div data-elementor-type=\"container\" data-elementor-id=\"2634\" class=\"elementor elementor-2634 elementor-2632 elementor-2632\" data-elementor-post-type=\"elementor_library\">\n\t\t\t\t<div class=\"elementor-element elementor-element-321707bb e-flex e-con-boxed e-con e-parent\" data-id=\"321707bb\" data-element_type=\"container\" data-e-type=\"container\">\n\t\t\t\t\t<div class=\"e-con-inner\">\n\t\t\t\t<div class=\"elementor-element elementor-element-583132d2 elementor-align-center elementor-widget elementor-widget-button\" data-id=\"583132d2\" data-element_type=\"widget\" data-e-type=\"widget\" data-widget_type=\"button.default\">\n\t\t\t\t<div class=\"elementor-widget-container\">\n\t\t\t\t\t\t\t\t\t<div class=\"elementor-button-wrapper\">\n\t\t\t\t\t<a class=\"elementor-button elementor-button-link elementor-size-sm\" href=\"https:\/\/nancy-tunon.com\/es\/el-profesorado\/\">\n\t\t\t\t\t\t<span class=\"elementor-button-content-wrapper\">\n\t\t\t\t\t\t\t\t\t<span class=\"elementor-button-text\">Volver a profesorado<\/span>\n\t\t\t\t\t<\/span>\n\t\t\t\t\t<\/a>\n\t\t\t\t<\/div>\n\t\t\t\t\t\t\t\t<\/div>\n\t\t\t\t<\/div>\n\t\t\t\t\t<\/div>\n\t\t\t\t<\/div>\n\t\t\t\t<\/div>\n\t\t\t\t<\/div>\n\t\t\t\t\t\t<\/div>\n\t\t\t\t<\/div>\n\t\t\t\t\t<\/div>\n\t\t\t\t<\/div>\n\t\t\t\t<\/div>\n\t\t","protected":false},"excerpt":{"rendered":"<p>Carmela Poch nace en Barcelona el 31 de agosto de 1978. Termin\u00f3 sus estudios en Nancy Tu\u00f1\u00f3n i Jordi Oliver, Escola d\u2019actors en el a\u00f1o 2000. Continu\u00f3 su formaci\u00f3n en interpretaci\u00f3n, danza, danza-teatro y canto con profesores como Neil LaBute, Michael Attenborough, Javier Galit\u00f3-Cava, Carlota Subir\u00f3s, \u00a0Mercedes Boronat, Guillermo Ghio, Jordi Mesalles, Boris Rotenstein, Marc [&hellip;]<\/p>\n","protected":false},"author":3,"featured_media":0,"parent":2094,"menu_order":0,"comment_status":"closed","ping_status":"closed","template":"","meta":{"_acf_changed":false,"inline_featured_image":false,"footnotes":""},"class_list":["post-2708","page","type-page","status-publish","hentry"],"acf":[],"yoast_head":"<!-- This site is optimized with the Yoast SEO plugin v27.5 - https:\/\/yoast.com\/product\/yoast-seo-wordpress\/ -->\n<title>Carmela Poch - Nancy Tu\u00f1\u00f3n<\/title>\n<meta name=\"robots\" content=\"index, follow, max-snippet:-1, max-image-preview:large, max-video-preview:-1\" \/>\n<link rel=\"canonical\" href=\"https:\/\/nancy-tunon.com\/es\/el-profesorado\/carmela-poch\/\" \/>\n<meta property=\"og:locale\" content=\"es_ES\" \/>\n<meta property=\"og:type\" content=\"article\" \/>\n<meta property=\"og:title\" content=\"Carmela Poch - Nancy Tu\u00f1\u00f3n\" \/>\n<meta property=\"og:description\" content=\"Carmela Poch nace en Barcelona el 31 de agosto de 1978. Termin\u00f3 sus estudios en Nancy Tu\u00f1\u00f3n i Jordi Oliver, Escola d\u2019actors en el a\u00f1o 2000. Continu\u00f3 su formaci\u00f3n en interpretaci\u00f3n, danza, danza-teatro y canto con profesores como Neil LaBute, Michael Attenborough, Javier Galit\u00f3-Cava, Carlota Subir\u00f3s, \u00a0Mercedes Boronat, Guillermo Ghio, Jordi Mesalles, Boris Rotenstein, Marc [&hellip;]\" \/>\n<meta property=\"og:url\" content=\"https:\/\/nancy-tunon.com\/es\/el-profesorado\/carmela-poch\/\" \/>\n<meta property=\"og:site_name\" content=\"Nancy Tu\u00f1\u00f3n\" \/>\n<meta property=\"article:publisher\" content=\"https:\/\/www.facebook.com\/nancytunon\" \/>\n<meta property=\"article:modified_time\" content=\"2025-01-09T16:55:51+00:00\" \/>\n<meta property=\"og:image\" content=\"http:\/\/nancy-tunon.com\/wp-content\/uploads\/2024\/04\/Carmela-Poch_BN.jpg\" \/>\n<meta name=\"twitter:card\" content=\"summary_large_image\" \/>\n<meta name=\"twitter:label1\" content=\"Tiempo de lectura\" \/>\n\t<meta name=\"twitter:data1\" content=\"2 minutos\" \/>\n<script type=\"application\/ld+json\" class=\"yoast-schema-graph\">{\"@context\":\"https:\\\/\\\/schema.org\",\"@graph\":[{\"@type\":\"WebPage\",\"@id\":\"https:\\\/\\\/nancy-tunon.com\\\/es\\\/el-profesorado\\\/carmela-poch\\\/\",\"url\":\"https:\\\/\\\/nancy-tunon.com\\\/es\\\/el-profesorado\\\/carmela-poch\\\/\",\"name\":\"Carmela Poch - Nancy Tu\u00f1\u00f3n\",\"isPartOf\":{\"@id\":\"https:\\\/\\\/nancy-tunon.com\\\/es\\\/#website\"},\"primaryImageOfPage\":{\"@id\":\"https:\\\/\\\/nancy-tunon.com\\\/es\\\/el-profesorado\\\/carmela-poch\\\/#primaryimage\"},\"image\":{\"@id\":\"https:\\\/\\\/nancy-tunon.com\\\/es\\\/el-profesorado\\\/carmela-poch\\\/#primaryimage\"},\"thumbnailUrl\":\"http:\\\/\\\/nancy-tunon.com\\\/wp-content\\\/uploads\\\/2024\\\/04\\\/Carmela-Poch_BN.jpg\",\"datePublished\":\"2024-04-22T18:21:54+00:00\",\"dateModified\":\"2025-01-09T16:55:51+00:00\",\"breadcrumb\":{\"@id\":\"https:\\\/\\\/nancy-tunon.com\\\/es\\\/el-profesorado\\\/carmela-poch\\\/#breadcrumb\"},\"inLanguage\":\"es\",\"potentialAction\":[{\"@type\":\"ReadAction\",\"target\":[\"https:\\\/\\\/nancy-tunon.com\\\/es\\\/el-profesorado\\\/carmela-poch\\\/\"]}]},{\"@type\":\"ImageObject\",\"inLanguage\":\"es\",\"@id\":\"https:\\\/\\\/nancy-tunon.com\\\/es\\\/el-profesorado\\\/carmela-poch\\\/#primaryimage\",\"url\":\"http:\\\/\\\/nancy-tunon.com\\\/wp-content\\\/uploads\\\/2024\\\/04\\\/Carmela-Poch_BN.jpg\",\"contentUrl\":\"http:\\\/\\\/nancy-tunon.com\\\/wp-content\\\/uploads\\\/2024\\\/04\\\/Carmela-Poch_BN.jpg\"},{\"@type\":\"BreadcrumbList\",\"@id\":\"https:\\\/\\\/nancy-tunon.com\\\/es\\\/el-profesorado\\\/carmela-poch\\\/#breadcrumb\",\"itemListElement\":[{\"@type\":\"ListItem\",\"position\":1,\"name\":\"Portada\",\"item\":\"https:\\\/\\\/nancy-tunon.com\\\/es\\\/nancy-tunon-escuela-de-teatro-en-barcelona\\\/\"},{\"@type\":\"ListItem\",\"position\":2,\"name\":\"El profesorado\",\"item\":\"https:\\\/\\\/nancy-tunon.com\\\/es\\\/el-professorat\\\/\"},{\"@type\":\"ListItem\",\"position\":3,\"name\":\"Carmela Poch\"}]},{\"@type\":\"WebSite\",\"@id\":\"https:\\\/\\\/nancy-tunon.com\\\/es\\\/#website\",\"url\":\"https:\\\/\\\/nancy-tunon.com\\\/es\\\/\",\"name\":\"Nancy Tu\u00f1\u00f3n\",\"description\":\"Escuela de actores en Barcelona\",\"publisher\":{\"@id\":\"https:\\\/\\\/nancy-tunon.com\\\/es\\\/#organization\"},\"alternateName\":\"Nancy Tunon\",\"potentialAction\":[{\"@type\":\"SearchAction\",\"target\":{\"@type\":\"EntryPoint\",\"urlTemplate\":\"https:\\\/\\\/nancy-tunon.com\\\/es\\\/?s={search_term_string}\"},\"query-input\":{\"@type\":\"PropertyValueSpecification\",\"valueRequired\":true,\"valueName\":\"search_term_string\"}}],\"inLanguage\":\"es\"},{\"@type\":\"Organization\",\"@id\":\"https:\\\/\\\/nancy-tunon.com\\\/es\\\/#organization\",\"name\":\"Nancy Tu\u00f1\u00f3n\",\"url\":\"https:\\\/\\\/nancy-tunon.com\\\/es\\\/\",\"logo\":{\"@type\":\"ImageObject\",\"inLanguage\":\"es\",\"@id\":\"https:\\\/\\\/nancy-tunon.com\\\/es\\\/#\\\/schema\\\/logo\\\/image\\\/\",\"url\":\"http:\\\/\\\/nancy-tunon.com\\\/wp-content\\\/uploads\\\/2024\\\/01\\\/nancy-t-footer-svg.svg\",\"contentUrl\":\"http:\\\/\\\/nancy-tunon.com\\\/wp-content\\\/uploads\\\/2024\\\/01\\\/nancy-t-footer-svg.svg\",\"width\":906,\"height\":431,\"caption\":\"Nancy Tu\u00f1\u00f3n\"},\"image\":{\"@id\":\"https:\\\/\\\/nancy-tunon.com\\\/es\\\/#\\\/schema\\\/logo\\\/image\\\/\"},\"sameAs\":[\"https:\\\/\\\/www.facebook.com\\\/nancytunon\",\"https:\\\/\\\/www.tiktok.com\\\/@escolanancytunon\"]}]}<\/script>\n<!-- \/ Yoast SEO plugin. -->","yoast_head_json":{"title":"Carmela Poch - Nancy Tu\u00f1\u00f3n","robots":{"index":"index","follow":"follow","max-snippet":"max-snippet:-1","max-image-preview":"max-image-preview:large","max-video-preview":"max-video-preview:-1"},"canonical":"https:\/\/nancy-tunon.com\/es\/el-profesorado\/carmela-poch\/","og_locale":"es_ES","og_type":"article","og_title":"Carmela Poch - Nancy Tu\u00f1\u00f3n","og_description":"Carmela Poch nace en Barcelona el 31 de agosto de 1978. Termin\u00f3 sus estudios en Nancy Tu\u00f1\u00f3n i Jordi Oliver, Escola d\u2019actors en el a\u00f1o 2000. Continu\u00f3 su formaci\u00f3n en interpretaci\u00f3n, danza, danza-teatro y canto con profesores como Neil LaBute, Michael Attenborough, Javier Galit\u00f3-Cava, Carlota Subir\u00f3s, \u00a0Mercedes Boronat, Guillermo Ghio, Jordi Mesalles, Boris Rotenstein, Marc [&hellip;]","og_url":"https:\/\/nancy-tunon.com\/es\/el-profesorado\/carmela-poch\/","og_site_name":"Nancy Tu\u00f1\u00f3n","article_publisher":"https:\/\/www.facebook.com\/nancytunon","article_modified_time":"2025-01-09T16:55:51+00:00","og_image":[{"url":"http:\/\/nancy-tunon.com\/wp-content\/uploads\/2024\/04\/Carmela-Poch_BN.jpg","type":"","width":"","height":""}],"twitter_card":"summary_large_image","twitter_misc":{"Tiempo de lectura":"2 minutos"},"schema":{"@context":"https:\/\/schema.org","@graph":[{"@type":"WebPage","@id":"https:\/\/nancy-tunon.com\/es\/el-profesorado\/carmela-poch\/","url":"https:\/\/nancy-tunon.com\/es\/el-profesorado\/carmela-poch\/","name":"Carmela Poch - Nancy Tu\u00f1\u00f3n","isPartOf":{"@id":"https:\/\/nancy-tunon.com\/es\/#website"},"primaryImageOfPage":{"@id":"https:\/\/nancy-tunon.com\/es\/el-profesorado\/carmela-poch\/#primaryimage"},"image":{"@id":"https:\/\/nancy-tunon.com\/es\/el-profesorado\/carmela-poch\/#primaryimage"},"thumbnailUrl":"http:\/\/nancy-tunon.com\/wp-content\/uploads\/2024\/04\/Carmela-Poch_BN.jpg","datePublished":"2024-04-22T18:21:54+00:00","dateModified":"2025-01-09T16:55:51+00:00","breadcrumb":{"@id":"https:\/\/nancy-tunon.com\/es\/el-profesorado\/carmela-poch\/#breadcrumb"},"inLanguage":"es","potentialAction":[{"@type":"ReadAction","target":["https:\/\/nancy-tunon.com\/es\/el-profesorado\/carmela-poch\/"]}]},{"@type":"ImageObject","inLanguage":"es","@id":"https:\/\/nancy-tunon.com\/es\/el-profesorado\/carmela-poch\/#primaryimage","url":"http:\/\/nancy-tunon.com\/wp-content\/uploads\/2024\/04\/Carmela-Poch_BN.jpg","contentUrl":"http:\/\/nancy-tunon.com\/wp-content\/uploads\/2024\/04\/Carmela-Poch_BN.jpg"},{"@type":"BreadcrumbList","@id":"https:\/\/nancy-tunon.com\/es\/el-profesorado\/carmela-poch\/#breadcrumb","itemListElement":[{"@type":"ListItem","position":1,"name":"Portada","item":"https:\/\/nancy-tunon.com\/es\/nancy-tunon-escuela-de-teatro-en-barcelona\/"},{"@type":"ListItem","position":2,"name":"El profesorado","item":"https:\/\/nancy-tunon.com\/es\/el-professorat\/"},{"@type":"ListItem","position":3,"name":"Carmela Poch"}]},{"@type":"WebSite","@id":"https:\/\/nancy-tunon.com\/es\/#website","url":"https:\/\/nancy-tunon.com\/es\/","name":"Nancy Tu\u00f1\u00f3n","description":"Escuela de actores en Barcelona","publisher":{"@id":"https:\/\/nancy-tunon.com\/es\/#organization"},"alternateName":"Nancy Tunon","potentialAction":[{"@type":"SearchAction","target":{"@type":"EntryPoint","urlTemplate":"https:\/\/nancy-tunon.com\/es\/?s={search_term_string}"},"query-input":{"@type":"PropertyValueSpecification","valueRequired":true,"valueName":"search_term_string"}}],"inLanguage":"es"},{"@type":"Organization","@id":"https:\/\/nancy-tunon.com\/es\/#organization","name":"Nancy Tu\u00f1\u00f3n","url":"https:\/\/nancy-tunon.com\/es\/","logo":{"@type":"ImageObject","inLanguage":"es","@id":"https:\/\/nancy-tunon.com\/es\/#\/schema\/logo\/image\/","url":"http:\/\/nancy-tunon.com\/wp-content\/uploads\/2024\/01\/nancy-t-footer-svg.svg","contentUrl":"http:\/\/nancy-tunon.com\/wp-content\/uploads\/2024\/01\/nancy-t-footer-svg.svg","width":906,"height":431,"caption":"Nancy Tu\u00f1\u00f3n"},"image":{"@id":"https:\/\/nancy-tunon.com\/es\/#\/schema\/logo\/image\/"},"sameAs":["https:\/\/www.facebook.com\/nancytunon","https:\/\/www.tiktok.com\/@escolanancytunon"]}]}},"_links":{"self":[{"href":"https:\/\/nancy-tunon.com\/es\/wp-json\/wp\/v2\/pages\/2708","targetHints":{"allow":["GET"]}}],"collection":[{"href":"https:\/\/nancy-tunon.com\/es\/wp-json\/wp\/v2\/pages"}],"about":[{"href":"https:\/\/nancy-tunon.com\/es\/wp-json\/wp\/v2\/types\/page"}],"author":[{"embeddable":true,"href":"https:\/\/nancy-tunon.com\/es\/wp-json\/wp\/v2\/users\/3"}],"replies":[{"embeddable":true,"href":"https:\/\/nancy-tunon.com\/es\/wp-json\/wp\/v2\/comments?post=2708"}],"version-history":[{"count":0,"href":"https:\/\/nancy-tunon.com\/es\/wp-json\/wp\/v2\/pages\/2708\/revisions"}],"up":[{"embeddable":true,"href":"https:\/\/nancy-tunon.com\/es\/wp-json\/wp\/v2\/pages\/2094"}],"wp:attachment":[{"href":"https:\/\/nancy-tunon.com\/es\/wp-json\/wp\/v2\/media?parent=2708"}],"curies":[{"name":"wp","href":"https:\/\/api.w.org\/{rel}","templated":true}]}}