{"id":2195,"date":"2024-02-06T23:57:57","date_gmt":"2024-02-06T23:57:57","guid":{"rendered":"http:\/\/nancy-tunon.com\/la-escuela\/otras-ventajas-y-servicios\/"},"modified":"2024-04-03T04:27:10","modified_gmt":"2024-04-03T04:27:10","slug":"otras-ventajas-y-servicios","status":"publish","type":"page","link":"https:\/\/nancy-tunon.com\/es\/la-escuela\/otras-ventajas-y-servicios\/","title":{"rendered":"Otras ventajas y servicios"},"content":{"rendered":"\t\t<div data-elementor-type=\"wp-page\" data-elementor-id=\"2195\" class=\"elementor elementor-2195 elementor-453\" data-elementor-post-type=\"page\">\n\t\t\t\t<div class=\"elementor-element elementor-element-813397c e-flex e-con-boxed e-con e-parent\" data-id=\"813397c\" data-element_type=\"container\" data-e-type=\"container\" data-settings=\"{&quot;background_background&quot;:&quot;classic&quot;}\">\n\t\t\t\t\t<div class=\"e-con-inner\">\n\t\t\t\t<div class=\"elementor-element elementor-element-53c2223 elementor-widget__width-inherit elementor-widget elementor-widget-heading\" data-id=\"53c2223\" data-element_type=\"widget\" data-e-type=\"widget\" data-widget_type=\"heading.default\">\n\t\t\t\t<div class=\"elementor-widget-container\">\n\t\t\t\t\t<h2 class=\"elementor-heading-title elementor-size-default\">La Escuela<\/h2>\t\t\t\t<\/div>\n\t\t\t\t<\/div>\n\t\t\t\t<div class=\"elementor-element elementor-element-e614966 elementor-widget__width-auto elementor-widget elementor-widget-heading\" data-id=\"e614966\" data-element_type=\"widget\" data-e-type=\"widget\" data-widget_type=\"heading.default\">\n\t\t\t\t<div class=\"elementor-widget-container\">\n\t\t\t\t\t<h1 class=\"elementor-heading-title elementor-size-default\">Otras ventajas y servicios<\/h1>\t\t\t\t<\/div>\n\t\t\t\t<\/div>\n\t\t\t\t\t<\/div>\n\t\t\t\t<\/div>\n\t\t<div class=\"elementor-element elementor-element-52815e9 e-flex e-con-boxed e-con e-parent\" data-id=\"52815e9\" data-element_type=\"container\" data-e-type=\"container\">\n\t\t\t\t\t<div class=\"e-con-inner\">\n\t\t\t\t<div class=\"elementor-element elementor-element-e7ad7a7 elementor-widget__width-inherit elementor-widget elementor-widget-heading\" data-id=\"e7ad7a7\" data-element_type=\"widget\" data-e-type=\"widget\" data-widget_type=\"heading.default\">\n\t\t\t\t<div class=\"elementor-widget-container\">\n\t\t\t\t\t<h2 class=\"elementor-heading-title elementor-size-default\">Carn\u00e9 de la escuela<\/h2>\t\t\t\t<\/div>\n\t\t\t\t<\/div>\n\t\t\t\t<div class=\"elementor-element elementor-element-151d1a4 elementor-widget elementor-widget-text-editor\" data-id=\"151d1a4\" data-element_type=\"widget\" data-e-type=\"widget\" data-widget_type=\"text-editor.default\">\n\t\t\t\t<div class=\"elementor-widget-container\">\n\t\t\t\t\t\t\t\t\t<p><span style=\"font-weight: 400;\">Con el carn\u00e9 de estudiante de la escuela podr\u00e1s disfrutar de descuentos en varios teatros de Barcelona; Teatro Goya, La Sala Villaroel, Teatro Condal, Teatro Romea, Teatro Poliorama, Teatro Nacional de Catalu\u00f1a, Teatro Tantarantana, Teatro Akademia&#8230;  <\/span><\/p>\n<p><span style=\"font-weight: 400;\">A menudo tenemos entradas por funciones gratuitas en estos teatros para los alumnos de la escuela.  <\/span><\/p>\n<p><span style=\"font-weight: 400;\">Tambi\u00e9n obtendr\u00e1s ofertas y descuentos para crear tu material (Book Fotogr\u00e1fico y Videobook).  <\/span><\/p>\n\t\t\t\t\t\t\t\t<\/div>\n\t\t\t\t<\/div>\n\t\t\t\t<div class=\"elementor-element elementor-element-d2c2a31 elementor-widget__width-inherit elementor-widget elementor-widget-heading\" data-id=\"d2c2a31\" data-element_type=\"widget\" data-e-type=\"widget\" data-widget_type=\"heading.default\">\n\t\t\t\t<div class=\"elementor-widget-container\">\n\t\t\t\t\t<h2 class=\"elementor-heading-title elementor-size-default\">Servicios y ventajas de la formaci\u00f3n del actor  <\/h2>\t\t\t\t<\/div>\n\t\t\t\t<\/div>\n\t\t\t\t<div class=\"elementor-element elementor-element-ff712fb elementor-widget elementor-widget-text-editor\" data-id=\"ff712fb\" data-element_type=\"widget\" data-e-type=\"widget\" data-widget_type=\"text-editor.default\">\n\t\t\t\t<div class=\"elementor-widget-container\">\n\t\t\t\t\t\t\t\t\t<p><span style=\"font-weight: 400;\">Como alumno de nuestra formaci\u00f3n contar\u00e1s con un servicio de asesoramiento laboral en el que te guiaremos para ayudarte a introducirte en el mundo profesional.  <\/span><\/p>\n<p><span style=\"font-weight: 400;\">Durante la formaci\u00f3n tendr\u00e1s un tutor que te acompa\u00f1ar\u00e1 en tu evoluci\u00f3n y ayudar\u00e1 a resolver cualquier duda o problema que te surja.  <\/span><\/p>\n<p><span style=\"font-weight: 400;\">Por otra parte, estar\u00e1s dentro de nuestra bolsa de trabajo y te proporcionaremos castings que nos lleguen a la escuela de pel\u00edculas, series de televisi\u00f3n, programas, de cortometrajes, etc.  <\/span><\/p>\n<p><span style=\"font-weight: 400;\">Tambi\u00e9n tendr\u00e1s todo el material grabado de las clases de interpretaci\u00f3n frente a la c\u00e1mara.  <\/span><\/p>\n\t\t\t\t\t\t\t\t<\/div>\n\t\t\t\t<\/div>\n\t\t\t\t<div class=\"elementor-element elementor-element-77ab20f elementor-widget__width-inherit elementor-widget elementor-widget-heading\" data-id=\"77ab20f\" data-element_type=\"widget\" data-e-type=\"widget\" data-widget_type=\"heading.default\">\n\t\t\t\t<div class=\"elementor-widget-container\">\n\t\t\t\t\t<h2 class=\"elementor-heading-title elementor-size-default\">Servicios y ventajas de la formaci\u00f3n de teatro para j\u00f3venes<\/h2>\t\t\t\t<\/div>\n\t\t\t\t<\/div>\n\t\t\t\t<div class=\"elementor-element elementor-element-de892cc elementor-widget elementor-widget-text-editor\" data-id=\"de892cc\" data-element_type=\"widget\" data-e-type=\"widget\" data-widget_type=\"text-editor.default\">\n\t\t\t\t<div class=\"elementor-widget-container\">\n\t\t\t\t\t\t\t\t\t<p><span style=\"font-weight: 400;\">Como alumno de la escuela estar\u00e1s dentro de nuestra bolsa de trabajo y te proporcionaremos castings que nos lleguen a la escuela de pel\u00edculas, series de televisi\u00f3n, programas, cortometrajes, etc.<\/span><\/p>\n<p><span style=\"font-weight: 400;\">Por otra parte, a final de curso un fot\u00f3grafo profesional te har\u00e1 unas fotos de Book para que puedas hacer un uso laboral.  <\/span><\/p>\n<p><span style=\"font-weight: 400;\">Tambi\u00e9n contar\u00e1s con todo el material grabado de las clases de interpretaci\u00f3n frente a la c\u00e1mara.  <\/span><\/p>\n\t\t\t\t\t\t\t\t<\/div>\n\t\t\t\t<\/div>\n\t\t\t\t<div class=\"elementor-element elementor-element-9621c63 elementor-widget__width-inherit elementor-widget elementor-widget-heading\" data-id=\"9621c63\" data-element_type=\"widget\" data-e-type=\"widget\" data-widget_type=\"heading.default\">\n\t\t\t\t<div class=\"elementor-widget-container\">\n\t\t\t\t\t<h2 class=\"elementor-heading-title elementor-size-default\">Convenios con otras escuelas y organismos<\/h2>\t\t\t\t<\/div>\n\t\t\t\t<\/div>\n\t\t\t\t<div class=\"elementor-element elementor-element-309d647 elementor-widget elementor-widget-text-editor\" data-id=\"309d647\" data-element_type=\"widget\" data-e-type=\"widget\" data-widget_type=\"text-editor.default\">\n\t\t\t\t<div class=\"elementor-widget-container\">\n\t\t\t\t\t\t\t\t\t<p><span style=\"font-weight: 400;\">Tenemos convenios de colaboraci\u00f3n con<\/span> <a href=\"http:\/\/www.escac.es\/\"><b>la ESCAC<\/b><\/a> <span style=\"font-weight: 400;\">(Escuela Superior de Cine y Audiovisual de Catalu\u00f1a) y con la<\/span> <a href=\"http:\/\/www.blanquerna.edu\/ca\"><b>Facultad de Comunicaci\u00f3n Blanquerna<\/b><\/a> <span style=\"font-weight: 400;\">(Universidad Ram\u00f3n Llull).<\/span><\/p>\n<p><span style=\"font-weight: 400;\">Podr\u00e1s realizar el casting de archivo que TV3 realiza en las instalaciones de la escuela.  <\/span><\/p>\n<p><span style=\"font-weight: 400;\">Al finalizar la formaci\u00f3n, con el diploma y el certificado de estudios que te otorgaremos, podr\u00e1s acceder autom\u00e1ticamente a ser miembro de la<\/span> <b>AADPC<\/b> <span style=\"font-weight: 400;\">(<\/span> <span style=\"font-weight: 400;\">Asociaci\u00f3n de Actores y Directores Profesionales de Catalu\u00f1a) y de la<\/span> <b>Uni\u00f3n de Actoras y Actrices<\/b> <span style=\"font-weight: 400;\">.<\/span> <\/p>\n\t\t\t\t\t\t\t\t<\/div>\n\t\t\t\t<\/div>\n\t\t\t\t\t<\/div>\n\t\t\t\t<\/div>\n\t\t<div class=\"elementor-element elementor-element-a0b36c3 e-con-full e-flex e-con e-parent\" data-id=\"a0b36c3\" data-element_type=\"container\" data-e-type=\"container\">\n\t\t\t\t<div class=\"elementor-element elementor-element-71a5eb6 elementor-widget elementor-widget-template\" data-id=\"71a5eb6\" data-element_type=\"widget\" data-e-type=\"widget\" data-widget_type=\"template.default\">\n\t\t\t\t<div class=\"elementor-widget-container\">\n\t\t\t\t\t\t\t<div class=\"elementor-template\">\n\t\t\t\t\t<div data-elementor-type=\"container\" data-elementor-id=\"2154\" class=\"elementor elementor-2154 elementor-183 elementor-183\" data-elementor-post-type=\"elementor_library\">\n\t\t\t\t<div class=\"elementor-element elementor-element-79968da2 e-flex e-con-boxed e-con e-parent\" data-id=\"79968da2\" data-element_type=\"container\" data-e-type=\"container\" data-settings=\"{&quot;background_background&quot;:&quot;classic&quot;}\">\n\t\t\t\t\t<div class=\"e-con-inner\">\n\t\t\t\t<div class=\"elementor-element elementor-element-673d3232 elementor-widget__width-inherit elementor-widget elementor-widget-heading\" data-id=\"673d3232\" data-element_type=\"widget\" data-e-type=\"widget\" data-widget_type=\"heading.default\">\n\t\t\t\t<div class=\"elementor-widget-container\">\n\t\t\t\t\t<h2 class=\"elementor-heading-title elementor-size-default\">\u00bfTienes dudas?<\/h2>\t\t\t\t<\/div>\n\t\t\t\t<\/div>\n\t\t\t\t<div class=\"elementor-element elementor-element-505cdf3b elementor-widget__width-inherit elementor-widget elementor-widget-text-editor\" data-id=\"505cdf3b\" data-element_type=\"widget\" data-e-type=\"widget\" data-widget_type=\"text-editor.default\">\n\t\t\t\t<div class=\"elementor-widget-container\">\n\t\t\t\t\t\t\t\t\t<p>\u00bfQuieres venir a conocernos?<\/p>\n\t\t\t\t\t\t\t\t<\/div>\n\t\t\t\t<\/div>\n\t\t\t\t<div class=\"elementor-element elementor-element-6f38ae76 elementor-align-justify elementor-widget__width-initial elementor-widget elementor-widget-button\" data-id=\"6f38ae76\" data-element_type=\"widget\" data-e-type=\"widget\" data-widget_type=\"button.default\">\n\t\t\t\t<div class=\"elementor-widget-container\">\n\t\t\t\t\t\t\t\t\t<div class=\"elementor-button-wrapper\">\n\t\t\t\t\t<a class=\"elementor-button elementor-button-link elementor-size-sm\" href=\"https:\/\/nancy-tunon.com\/es\/contactar\/\">\n\t\t\t\t\t\t<span class=\"elementor-button-content-wrapper\">\n\t\t\t\t\t\t\t\t\t<span class=\"elementor-button-text\">Contactar<\/span>\n\t\t\t\t\t<\/span>\n\t\t\t\t\t<\/a>\n\t\t\t\t<\/div>\n\t\t\t\t\t\t\t\t<\/div>\n\t\t\t\t<\/div>\n\t\t\t\t<div class=\"elementor-element elementor-element-43f59bb2 elementor-align-justify elementor-widget__width-initial elementor-widget elementor-widget-button\" data-id=\"43f59bb2\" data-element_type=\"widget\" data-e-type=\"widget\" data-widget_type=\"button.default\">\n\t\t\t\t<div class=\"elementor-widget-container\">\n\t\t\t\t\t\t\t\t\t<div class=\"elementor-button-wrapper\">\n\t\t\t\t\t<a class=\"elementor-button elementor-button-link elementor-size-sm\" href=\"https:\/\/nancy-tunon.com\/es\/faqs\/\">\n\t\t\t\t\t\t<span class=\"elementor-button-content-wrapper\">\n\t\t\t\t\t\t\t\t\t<span class=\"elementor-button-text\">FAQ's<\/span>\n\t\t\t\t\t<\/span>\n\t\t\t\t\t<\/a>\n\t\t\t\t<\/div>\n\t\t\t\t\t\t\t\t<\/div>\n\t\t\t\t<\/div>\n\t\t\t\t\t<\/div>\n\t\t\t\t<\/div>\n\t\t\t\t<\/div>\n\t\t\t\t<\/div>\n\t\t\t\t\t\t<\/div>\n\t\t\t\t<\/div>\n\t\t\t\t<\/div>\n\t\t\t\t<\/div>\n\t\t","protected":false},"excerpt":{"rendered":"<p>La Escuela Otras ventajas y servicios Carn\u00e9 de la escuela Con el carn\u00e9 de estudiante de la escuela podr\u00e1s disfrutar de descuentos en varios teatros de Barcelona; Teatro Goya, La Sala Villaroel, Teatro Condal, Teatro Romea, Teatro Poliorama, Teatro Nacional de Catalu\u00f1a, Teatro Tantarantana, Teatro Akademia&#8230; A menudo tenemos entradas por funciones gratuitas en estos [&hellip;]<\/p>\n","protected":false},"author":3,"featured_media":0,"parent":2141,"menu_order":0,"comment_status":"closed","ping_status":"closed","template":"","meta":{"_acf_changed":false,"inline_featured_image":false,"footnotes":""},"class_list":["post-2195","page","type-page","status-publish","hentry"],"acf":[],"yoast_head":"<!-- This site is optimized with the Yoast SEO plugin v27.4 - https:\/\/yoast.com\/product\/yoast-seo-wordpress\/ -->\n<title>Otras ventajas y servicios - Nancy Tu\u00f1\u00f3n<\/title>\n<meta name=\"robots\" content=\"index, follow, max-snippet:-1, max-image-preview:large, max-video-preview:-1\" \/>\n<link rel=\"canonical\" href=\"https:\/\/nancy-tunon.com\/es\/la-escuela\/otras-ventajas-y-servicios\/\" \/>\n<meta property=\"og:locale\" content=\"es_ES\" \/>\n<meta property=\"og:type\" content=\"article\" \/>\n<meta property=\"og:title\" content=\"Otras ventajas y servicios - Nancy Tu\u00f1\u00f3n\" \/>\n<meta property=\"og:description\" content=\"La Escuela Otras ventajas y servicios Carn\u00e9 de la escuela Con el carn\u00e9 de estudiante de la escuela podr\u00e1s disfrutar de descuentos en varios teatros de Barcelona; Teatro Goya, La Sala Villaroel, Teatro Condal, Teatro Romea, Teatro Poliorama, Teatro Nacional de Catalu\u00f1a, Teatro Tantarantana, Teatro Akademia&#8230; A menudo tenemos entradas por funciones gratuitas en estos [&hellip;]\" \/>\n<meta property=\"og:url\" content=\"https:\/\/nancy-tunon.com\/es\/la-escuela\/otras-ventajas-y-servicios\/\" \/>\n<meta property=\"og:site_name\" content=\"Nancy Tu\u00f1\u00f3n\" \/>\n<meta property=\"article:publisher\" content=\"https:\/\/www.facebook.com\/nancytunon\" \/>\n<meta property=\"article:modified_time\" content=\"2024-04-03T04:27:10+00:00\" \/>\n<meta name=\"twitter:card\" content=\"summary_large_image\" \/>\n<meta name=\"twitter:label1\" content=\"Tiempo de lectura\" \/>\n\t<meta name=\"twitter:data1\" content=\"2 minutos\" \/>\n<script type=\"application\/ld+json\" class=\"yoast-schema-graph\">{\"@context\":\"https:\\\/\\\/schema.org\",\"@graph\":[{\"@type\":\"WebPage\",\"@id\":\"https:\\\/\\\/nancy-tunon.com\\\/es\\\/la-escuela\\\/otras-ventajas-y-servicios\\\/\",\"url\":\"https:\\\/\\\/nancy-tunon.com\\\/es\\\/la-escuela\\\/otras-ventajas-y-servicios\\\/\",\"name\":\"Otras ventajas y servicios - Nancy Tu\u00f1\u00f3n\",\"isPartOf\":{\"@id\":\"https:\\\/\\\/nancy-tunon.com\\\/es\\\/#website\"},\"datePublished\":\"2024-02-06T23:57:57+00:00\",\"dateModified\":\"2024-04-03T04:27:10+00:00\",\"breadcrumb\":{\"@id\":\"https:\\\/\\\/nancy-tunon.com\\\/es\\\/la-escuela\\\/otras-ventajas-y-servicios\\\/#breadcrumb\"},\"inLanguage\":\"es\",\"potentialAction\":[{\"@type\":\"ReadAction\",\"target\":[\"https:\\\/\\\/nancy-tunon.com\\\/es\\\/la-escuela\\\/otras-ventajas-y-servicios\\\/\"]}]},{\"@type\":\"BreadcrumbList\",\"@id\":\"https:\\\/\\\/nancy-tunon.com\\\/es\\\/la-escuela\\\/otras-ventajas-y-servicios\\\/#breadcrumb\",\"itemListElement\":[{\"@type\":\"ListItem\",\"position\":1,\"name\":\"Portada\",\"item\":\"https:\\\/\\\/nancy-tunon.com\\\/es\\\/nancy-tunon-escuela-de-teatro-en-barcelona\\\/\"},{\"@type\":\"ListItem\",\"position\":2,\"name\":\"La Escuela\",\"item\":\"https:\\\/\\\/nancy-tunon.com\\\/es\\\/la-escuela\\\/\"},{\"@type\":\"ListItem\",\"position\":3,\"name\":\"Otras ventajas y servicios\"}]},{\"@type\":\"WebSite\",\"@id\":\"https:\\\/\\\/nancy-tunon.com\\\/es\\\/#website\",\"url\":\"https:\\\/\\\/nancy-tunon.com\\\/es\\\/\",\"name\":\"Nancy Tu\u00f1\u00f3n\",\"description\":\"Escuela de actores en Barcelona\",\"publisher\":{\"@id\":\"https:\\\/\\\/nancy-tunon.com\\\/es\\\/#organization\"},\"alternateName\":\"Nancy Tunon\",\"potentialAction\":[{\"@type\":\"SearchAction\",\"target\":{\"@type\":\"EntryPoint\",\"urlTemplate\":\"https:\\\/\\\/nancy-tunon.com\\\/es\\\/?s={search_term_string}\"},\"query-input\":{\"@type\":\"PropertyValueSpecification\",\"valueRequired\":true,\"valueName\":\"search_term_string\"}}],\"inLanguage\":\"es\"},{\"@type\":\"Organization\",\"@id\":\"https:\\\/\\\/nancy-tunon.com\\\/es\\\/#organization\",\"name\":\"Nancy Tu\u00f1\u00f3n\",\"url\":\"https:\\\/\\\/nancy-tunon.com\\\/es\\\/\",\"logo\":{\"@type\":\"ImageObject\",\"inLanguage\":\"es\",\"@id\":\"https:\\\/\\\/nancy-tunon.com\\\/es\\\/#\\\/schema\\\/logo\\\/image\\\/\",\"url\":\"http:\\\/\\\/nancy-tunon.com\\\/wp-content\\\/uploads\\\/2024\\\/01\\\/nancy-t-footer-svg.svg\",\"contentUrl\":\"http:\\\/\\\/nancy-tunon.com\\\/wp-content\\\/uploads\\\/2024\\\/01\\\/nancy-t-footer-svg.svg\",\"width\":906,\"height\":431,\"caption\":\"Nancy Tu\u00f1\u00f3n\"},\"image\":{\"@id\":\"https:\\\/\\\/nancy-tunon.com\\\/es\\\/#\\\/schema\\\/logo\\\/image\\\/\"},\"sameAs\":[\"https:\\\/\\\/www.facebook.com\\\/nancytunon\",\"https:\\\/\\\/www.tiktok.com\\\/@escolanancytunon\"]}]}<\/script>\n<!-- \/ Yoast SEO plugin. -->","yoast_head_json":{"title":"Otras ventajas y servicios - Nancy Tu\u00f1\u00f3n","robots":{"index":"index","follow":"follow","max-snippet":"max-snippet:-1","max-image-preview":"max-image-preview:large","max-video-preview":"max-video-preview:-1"},"canonical":"https:\/\/nancy-tunon.com\/es\/la-escuela\/otras-ventajas-y-servicios\/","og_locale":"es_ES","og_type":"article","og_title":"Otras ventajas y servicios - Nancy Tu\u00f1\u00f3n","og_description":"La Escuela Otras ventajas y servicios Carn\u00e9 de la escuela Con el carn\u00e9 de estudiante de la escuela podr\u00e1s disfrutar de descuentos en varios teatros de Barcelona; Teatro Goya, La Sala Villaroel, Teatro Condal, Teatro Romea, Teatro Poliorama, Teatro Nacional de Catalu\u00f1a, Teatro Tantarantana, Teatro Akademia&#8230; A menudo tenemos entradas por funciones gratuitas en estos [&hellip;]","og_url":"https:\/\/nancy-tunon.com\/es\/la-escuela\/otras-ventajas-y-servicios\/","og_site_name":"Nancy Tu\u00f1\u00f3n","article_publisher":"https:\/\/www.facebook.com\/nancytunon","article_modified_time":"2024-04-03T04:27:10+00:00","twitter_card":"summary_large_image","twitter_misc":{"Tiempo de lectura":"2 minutos"},"schema":{"@context":"https:\/\/schema.org","@graph":[{"@type":"WebPage","@id":"https:\/\/nancy-tunon.com\/es\/la-escuela\/otras-ventajas-y-servicios\/","url":"https:\/\/nancy-tunon.com\/es\/la-escuela\/otras-ventajas-y-servicios\/","name":"Otras ventajas y servicios - Nancy Tu\u00f1\u00f3n","isPartOf":{"@id":"https:\/\/nancy-tunon.com\/es\/#website"},"datePublished":"2024-02-06T23:57:57+00:00","dateModified":"2024-04-03T04:27:10+00:00","breadcrumb":{"@id":"https:\/\/nancy-tunon.com\/es\/la-escuela\/otras-ventajas-y-servicios\/#breadcrumb"},"inLanguage":"es","potentialAction":[{"@type":"ReadAction","target":["https:\/\/nancy-tunon.com\/es\/la-escuela\/otras-ventajas-y-servicios\/"]}]},{"@type":"BreadcrumbList","@id":"https:\/\/nancy-tunon.com\/es\/la-escuela\/otras-ventajas-y-servicios\/#breadcrumb","itemListElement":[{"@type":"ListItem","position":1,"name":"Portada","item":"https:\/\/nancy-tunon.com\/es\/nancy-tunon-escuela-de-teatro-en-barcelona\/"},{"@type":"ListItem","position":2,"name":"La Escuela","item":"https:\/\/nancy-tunon.com\/es\/la-escuela\/"},{"@type":"ListItem","position":3,"name":"Otras ventajas y servicios"}]},{"@type":"WebSite","@id":"https:\/\/nancy-tunon.com\/es\/#website","url":"https:\/\/nancy-tunon.com\/es\/","name":"Nancy Tu\u00f1\u00f3n","description":"Escuela de actores en Barcelona","publisher":{"@id":"https:\/\/nancy-tunon.com\/es\/#organization"},"alternateName":"Nancy Tunon","potentialAction":[{"@type":"SearchAction","target":{"@type":"EntryPoint","urlTemplate":"https:\/\/nancy-tunon.com\/es\/?s={search_term_string}"},"query-input":{"@type":"PropertyValueSpecification","valueRequired":true,"valueName":"search_term_string"}}],"inLanguage":"es"},{"@type":"Organization","@id":"https:\/\/nancy-tunon.com\/es\/#organization","name":"Nancy Tu\u00f1\u00f3n","url":"https:\/\/nancy-tunon.com\/es\/","logo":{"@type":"ImageObject","inLanguage":"es","@id":"https:\/\/nancy-tunon.com\/es\/#\/schema\/logo\/image\/","url":"http:\/\/nancy-tunon.com\/wp-content\/uploads\/2024\/01\/nancy-t-footer-svg.svg","contentUrl":"http:\/\/nancy-tunon.com\/wp-content\/uploads\/2024\/01\/nancy-t-footer-svg.svg","width":906,"height":431,"caption":"Nancy Tu\u00f1\u00f3n"},"image":{"@id":"https:\/\/nancy-tunon.com\/es\/#\/schema\/logo\/image\/"},"sameAs":["https:\/\/www.facebook.com\/nancytunon","https:\/\/www.tiktok.com\/@escolanancytunon"]}]}},"_links":{"self":[{"href":"https:\/\/nancy-tunon.com\/es\/wp-json\/wp\/v2\/pages\/2195","targetHints":{"allow":["GET"]}}],"collection":[{"href":"https:\/\/nancy-tunon.com\/es\/wp-json\/wp\/v2\/pages"}],"about":[{"href":"https:\/\/nancy-tunon.com\/es\/wp-json\/wp\/v2\/types\/page"}],"author":[{"embeddable":true,"href":"https:\/\/nancy-tunon.com\/es\/wp-json\/wp\/v2\/users\/3"}],"replies":[{"embeddable":true,"href":"https:\/\/nancy-tunon.com\/es\/wp-json\/wp\/v2\/comments?post=2195"}],"version-history":[{"count":0,"href":"https:\/\/nancy-tunon.com\/es\/wp-json\/wp\/v2\/pages\/2195\/revisions"}],"up":[{"embeddable":true,"href":"https:\/\/nancy-tunon.com\/es\/wp-json\/wp\/v2\/pages\/2141"}],"wp:attachment":[{"href":"https:\/\/nancy-tunon.com\/es\/wp-json\/wp\/v2\/media?parent=2195"}],"curies":[{"name":"wp","href":"https:\/\/api.w.org\/{rel}","templated":true}]}}