{"id":2141,"date":"2024-02-06T18:16:38","date_gmt":"2024-02-06T18:16:38","guid":{"rendered":"http:\/\/nancy-tunon.com\/la-escuela\/"},"modified":"2024-04-02T19:12:37","modified_gmt":"2024-04-02T19:12:37","slug":"la-escuela","status":"publish","type":"page","link":"https:\/\/nancy-tunon.com\/es\/la-escuela\/","title":{"rendered":"La Escuela"},"content":{"rendered":"\n<div style=\"height:100px\" aria-hidden=\"true\" class=\"wp-block-spacer\"><\/div>\n\n<p>Lorem ipsum dolor sit almen, consectetur adipiscing \u00e9lite. Duis sit almen dolor urna. Pellentesque euismod felis ac semper laoreet. Nunc vitae dictum \u00e9lite. Ud vitae semper neque. Aenean velado erat, sagittis vitae lacus velo, yaculis tincidunt ante. Nam ac dictum demasiado. Nunc finibus libero eget convallis suscipido.<\/p>\n\n<p>Curabitur lacinia molestie nisis, eget elementum tellus lacinia nec. Phasellus gravida auctor rutrum. In sagittis nisi ut nula accumsan, sed vehicula tellus aliquam. Quisque eu lacus mauris. Suspendida potente. Ud accumsan odio eget libero faucibus vulputate. Nunc eget erat eget libero lleva tincidunt quies vitae nisl. Vestibulum eu ante porttitor, dapibus augue ac, yaculis demasiado. Aenean tristique lectus odio, eget luctus lectus congue at. Puedo pulvinar leo arcu, vitae mollis tellus blandit in. Nulla euismod pulvinar ultricias. Sed convallis at ligula et imperdiet. Phasellus aliquam pulvinar lorem in suscipido. Puedo dictum erat quis magna varices, vel lobortis nisl facilisis. Aliquam dictum condimentum lectus, a puerta velado sagittis sit amet.<\/p>\n\n<p>Maecenas malesuada laoreet blanda. Duis congue sagittis urna at rhoncus. Aliquam y de lorem neque. Vestibulum nec acumsan risus. Praesent eget consecuado nibh. Aenean a augue ac ligula ornar consectetur ac in felis. Nunc varices sagittis magna eget ornar. Aliquam gravida tellus y de lobortis volutpat. Class aptent taciti sociosqu ad litora torciendo por conubia nuestra, por inceptos himenaeos. Aliquam pretium ultricies tempus. Phasellus cursus aliquam cursus.<\/p>\n","protected":false},"excerpt":{"rendered":"<p>Lorem ipsum dolor sit almen, consectetur adipiscing \u00e9lite. Duis sit almen dolor urna. Pellentesque euismod felis ac semper laoreet. Nunc vitae dictum \u00e9lite. Ud vitae semper neque. Aenean velado erat, sagittis vitae lacus velo, yaculis tincidunt ante. Nam ac dictum demasiado. Nunc finibus libero eget convallis suscipido. Curabitur lacinia molestie nisis, eget elementum tellus lacinia [&hellip;]<\/p>\n","protected":false},"author":3,"featured_media":0,"parent":0,"menu_order":0,"comment_status":"closed","ping_status":"closed","template":"","meta":{"_acf_changed":false,"inline_featured_image":false,"footnotes":""},"class_list":["post-2141","page","type-page","status-publish","hentry"],"acf":[],"yoast_head":"<!-- This site is optimized with the Yoast SEO plugin v27.4 - https:\/\/yoast.com\/product\/yoast-seo-wordpress\/ -->\n<title>La Escuela - Nancy Tu\u00f1\u00f3n<\/title>\n<meta name=\"robots\" content=\"index, follow, max-snippet:-1, max-image-preview:large, max-video-preview:-1\" \/>\n<link rel=\"canonical\" href=\"https:\/\/nancy-tunon.com\/es\/la-escuela\/\" \/>\n<meta property=\"og:locale\" content=\"es_ES\" \/>\n<meta property=\"og:type\" content=\"article\" \/>\n<meta property=\"og:title\" content=\"La Escuela - Nancy Tu\u00f1\u00f3n\" \/>\n<meta property=\"og:description\" content=\"Lorem ipsum dolor sit almen, consectetur adipiscing \u00e9lite. Duis sit almen dolor urna. Pellentesque euismod felis ac semper laoreet. Nunc vitae dictum \u00e9lite. Ud vitae semper neque. Aenean velado erat, sagittis vitae lacus velo, yaculis tincidunt ante. Nam ac dictum demasiado. Nunc finibus libero eget convallis suscipido. Curabitur lacinia molestie nisis, eget elementum tellus lacinia [&hellip;]\" \/>\n<meta property=\"og:url\" content=\"https:\/\/nancy-tunon.com\/es\/la-escuela\/\" \/>\n<meta property=\"og:site_name\" content=\"Nancy Tu\u00f1\u00f3n\" \/>\n<meta property=\"article:publisher\" content=\"https:\/\/www.facebook.com\/nancytunon\" \/>\n<meta property=\"article:modified_time\" content=\"2024-04-02T19:12:37+00:00\" \/>\n<meta name=\"twitter:card\" content=\"summary_large_image\" \/>\n<meta name=\"twitter:label1\" content=\"Tiempo de lectura\" \/>\n\t<meta name=\"twitter:data1\" content=\"1 minuto\" \/>\n<script type=\"application\/ld+json\" class=\"yoast-schema-graph\">{\"@context\":\"https:\\\/\\\/schema.org\",\"@graph\":[{\"@type\":\"WebPage\",\"@id\":\"https:\\\/\\\/nancy-tunon.com\\\/es\\\/la-escuela\\\/\",\"url\":\"https:\\\/\\\/nancy-tunon.com\\\/es\\\/la-escuela\\\/\",\"name\":\"La Escuela - Nancy Tu\u00f1\u00f3n\",\"isPartOf\":{\"@id\":\"https:\\\/\\\/nancy-tunon.com\\\/es\\\/#website\"},\"datePublished\":\"2024-02-06T18:16:38+00:00\",\"dateModified\":\"2024-04-02T19:12:37+00:00\",\"breadcrumb\":{\"@id\":\"https:\\\/\\\/nancy-tunon.com\\\/es\\\/la-escuela\\\/#breadcrumb\"},\"inLanguage\":\"es\",\"potentialAction\":[{\"@type\":\"ReadAction\",\"target\":[\"https:\\\/\\\/nancy-tunon.com\\\/es\\\/la-escuela\\\/\"]}]},{\"@type\":\"BreadcrumbList\",\"@id\":\"https:\\\/\\\/nancy-tunon.com\\\/es\\\/la-escuela\\\/#breadcrumb\",\"itemListElement\":[{\"@type\":\"ListItem\",\"position\":1,\"name\":\"Portada\",\"item\":\"https:\\\/\\\/nancy-tunon.com\\\/es\\\/nancy-tunon-escuela-de-teatro-en-barcelona\\\/\"},{\"@type\":\"ListItem\",\"position\":2,\"name\":\"La Escuela\"}]},{\"@type\":\"WebSite\",\"@id\":\"https:\\\/\\\/nancy-tunon.com\\\/es\\\/#website\",\"url\":\"https:\\\/\\\/nancy-tunon.com\\\/es\\\/\",\"name\":\"Nancy Tu\u00f1\u00f3n\",\"description\":\"Escuela de actores en Barcelona\",\"publisher\":{\"@id\":\"https:\\\/\\\/nancy-tunon.com\\\/es\\\/#organization\"},\"alternateName\":\"Nancy Tunon\",\"potentialAction\":[{\"@type\":\"SearchAction\",\"target\":{\"@type\":\"EntryPoint\",\"urlTemplate\":\"https:\\\/\\\/nancy-tunon.com\\\/es\\\/?s={search_term_string}\"},\"query-input\":{\"@type\":\"PropertyValueSpecification\",\"valueRequired\":true,\"valueName\":\"search_term_string\"}}],\"inLanguage\":\"es\"},{\"@type\":\"Organization\",\"@id\":\"https:\\\/\\\/nancy-tunon.com\\\/es\\\/#organization\",\"name\":\"Nancy Tu\u00f1\u00f3n\",\"url\":\"https:\\\/\\\/nancy-tunon.com\\\/es\\\/\",\"logo\":{\"@type\":\"ImageObject\",\"inLanguage\":\"es\",\"@id\":\"https:\\\/\\\/nancy-tunon.com\\\/es\\\/#\\\/schema\\\/logo\\\/image\\\/\",\"url\":\"http:\\\/\\\/nancy-tunon.com\\\/wp-content\\\/uploads\\\/2024\\\/01\\\/nancy-t-footer-svg.svg\",\"contentUrl\":\"http:\\\/\\\/nancy-tunon.com\\\/wp-content\\\/uploads\\\/2024\\\/01\\\/nancy-t-footer-svg.svg\",\"width\":906,\"height\":431,\"caption\":\"Nancy Tu\u00f1\u00f3n\"},\"image\":{\"@id\":\"https:\\\/\\\/nancy-tunon.com\\\/es\\\/#\\\/schema\\\/logo\\\/image\\\/\"},\"sameAs\":[\"https:\\\/\\\/www.facebook.com\\\/nancytunon\",\"https:\\\/\\\/www.tiktok.com\\\/@escolanancytunon\"]}]}<\/script>\n<!-- \/ Yoast SEO plugin. -->","yoast_head_json":{"title":"La Escuela - Nancy Tu\u00f1\u00f3n","robots":{"index":"index","follow":"follow","max-snippet":"max-snippet:-1","max-image-preview":"max-image-preview:large","max-video-preview":"max-video-preview:-1"},"canonical":"https:\/\/nancy-tunon.com\/es\/la-escuela\/","og_locale":"es_ES","og_type":"article","og_title":"La Escuela - Nancy Tu\u00f1\u00f3n","og_description":"Lorem ipsum dolor sit almen, consectetur adipiscing \u00e9lite. Duis sit almen dolor urna. Pellentesque euismod felis ac semper laoreet. Nunc vitae dictum \u00e9lite. Ud vitae semper neque. Aenean velado erat, sagittis vitae lacus velo, yaculis tincidunt ante. Nam ac dictum demasiado. Nunc finibus libero eget convallis suscipido. Curabitur lacinia molestie nisis, eget elementum tellus lacinia [&hellip;]","og_url":"https:\/\/nancy-tunon.com\/es\/la-escuela\/","og_site_name":"Nancy Tu\u00f1\u00f3n","article_publisher":"https:\/\/www.facebook.com\/nancytunon","article_modified_time":"2024-04-02T19:12:37+00:00","twitter_card":"summary_large_image","twitter_misc":{"Tiempo de lectura":"1 minuto"},"schema":{"@context":"https:\/\/schema.org","@graph":[{"@type":"WebPage","@id":"https:\/\/nancy-tunon.com\/es\/la-escuela\/","url":"https:\/\/nancy-tunon.com\/es\/la-escuela\/","name":"La Escuela - Nancy Tu\u00f1\u00f3n","isPartOf":{"@id":"https:\/\/nancy-tunon.com\/es\/#website"},"datePublished":"2024-02-06T18:16:38+00:00","dateModified":"2024-04-02T19:12:37+00:00","breadcrumb":{"@id":"https:\/\/nancy-tunon.com\/es\/la-escuela\/#breadcrumb"},"inLanguage":"es","potentialAction":[{"@type":"ReadAction","target":["https:\/\/nancy-tunon.com\/es\/la-escuela\/"]}]},{"@type":"BreadcrumbList","@id":"https:\/\/nancy-tunon.com\/es\/la-escuela\/#breadcrumb","itemListElement":[{"@type":"ListItem","position":1,"name":"Portada","item":"https:\/\/nancy-tunon.com\/es\/nancy-tunon-escuela-de-teatro-en-barcelona\/"},{"@type":"ListItem","position":2,"name":"La Escuela"}]},{"@type":"WebSite","@id":"https:\/\/nancy-tunon.com\/es\/#website","url":"https:\/\/nancy-tunon.com\/es\/","name":"Nancy Tu\u00f1\u00f3n","description":"Escuela de actores en Barcelona","publisher":{"@id":"https:\/\/nancy-tunon.com\/es\/#organization"},"alternateName":"Nancy Tunon","potentialAction":[{"@type":"SearchAction","target":{"@type":"EntryPoint","urlTemplate":"https:\/\/nancy-tunon.com\/es\/?s={search_term_string}"},"query-input":{"@type":"PropertyValueSpecification","valueRequired":true,"valueName":"search_term_string"}}],"inLanguage":"es"},{"@type":"Organization","@id":"https:\/\/nancy-tunon.com\/es\/#organization","name":"Nancy Tu\u00f1\u00f3n","url":"https:\/\/nancy-tunon.com\/es\/","logo":{"@type":"ImageObject","inLanguage":"es","@id":"https:\/\/nancy-tunon.com\/es\/#\/schema\/logo\/image\/","url":"http:\/\/nancy-tunon.com\/wp-content\/uploads\/2024\/01\/nancy-t-footer-svg.svg","contentUrl":"http:\/\/nancy-tunon.com\/wp-content\/uploads\/2024\/01\/nancy-t-footer-svg.svg","width":906,"height":431,"caption":"Nancy Tu\u00f1\u00f3n"},"image":{"@id":"https:\/\/nancy-tunon.com\/es\/#\/schema\/logo\/image\/"},"sameAs":["https:\/\/www.facebook.com\/nancytunon","https:\/\/www.tiktok.com\/@escolanancytunon"]}]}},"_links":{"self":[{"href":"https:\/\/nancy-tunon.com\/es\/wp-json\/wp\/v2\/pages\/2141","targetHints":{"allow":["GET"]}}],"collection":[{"href":"https:\/\/nancy-tunon.com\/es\/wp-json\/wp\/v2\/pages"}],"about":[{"href":"https:\/\/nancy-tunon.com\/es\/wp-json\/wp\/v2\/types\/page"}],"author":[{"embeddable":true,"href":"https:\/\/nancy-tunon.com\/es\/wp-json\/wp\/v2\/users\/3"}],"replies":[{"embeddable":true,"href":"https:\/\/nancy-tunon.com\/es\/wp-json\/wp\/v2\/comments?post=2141"}],"version-history":[{"count":0,"href":"https:\/\/nancy-tunon.com\/es\/wp-json\/wp\/v2\/pages\/2141\/revisions"}],"wp:attachment":[{"href":"https:\/\/nancy-tunon.com\/es\/wp-json\/wp\/v2\/media?parent=2141"}],"curies":[{"name":"wp","href":"https:\/\/api.w.org\/{rel}","templated":true}]}}